{"id":956,"date":"2021-05-06T08:25:38","date_gmt":"2021-05-06T19:25:38","guid":{"rendered":"https:\/\/spadework.nopanicdesignandhosting.com\/?page_id=956"},"modified":"2021-07-07T13:24:30","modified_gmt":"2021-07-08T00:24:30","slug":"madre-tierra-vence-a-las-grandes-petroleras","status":"publish","type":"page","link":"https:\/\/spadework.nopanicdesignandhosting.com\/es\/madre-tierra-vence-a-las-grandes-petroleras\/","title":{"rendered":"Madre Tierra Vence a las Grandes Petroleras"},"content":{"rendered":"\n<h5 class=\"has-small-font-size wp-block-heading\">Session #2: El Oleoducto Keystone XL<br\/>Fecha: 4 de mayo de 2021<\/h5>\n\n<p>Temas clave: alianzas estrat\u00e9gicas; ambiente; Espiritualidad nativa y cosmovisi\u00f3n organizativa; perspectivas bajo la administraci\u00f3n de Biden; gran aceite<\/p>\n\n<p>Presentadora: Judith Le Blanc es ciudadana de la tribu Caddo de Oklahoma y directora de la Alianza de Organizadores Nativos (NOA), una red nacional de formaci\u00f3n y organizaci\u00f3n de nativos.<\/p>\n\n<figure class=\"wp-block-embed is-type-video is-provider-youtube wp-block-embed-youtube wp-embed-aspect-16-9 wp-has-aspect-ratio\"><div class=\"wp-block-embed__wrapper\">\n<iframe title=\"Freedom School Session #2: Keystone XL Pipeline\" width=\"580\" height=\"326\" src=\"https:\/\/www.youtube.com\/embed\/ZUeHPlKJyd0?start=2&#038;feature=oembed\" frameborder=\"0\" allow=\"accelerometer; autoplay; clipboard-write; encrypted-media; gyroscope; picture-in-picture; web-share\" referrerpolicy=\"strict-origin-when-cross-origin\" allowfullscreen><\/iframe>\n<\/div><\/figure>\n\n<p>La experiencia de la naci\u00f3n Nisqually en el estado de Washington en la lucha por sus derechos de pesca en la d\u00e9cada de 1970 presagi\u00f3 lo que vendr\u00eda m\u00e1s de 4 d\u00e9cadas despu\u00e9s en el esfuerzo por detener la construcci\u00f3n del Dakota Access Pipe Line (DAPL). Su determinaci\u00f3n de participar en pr\u00e1cticas centenarias para pescar y proteger el r\u00edo Nisqually fue objeto de un intenso ataque por parte del gobierno estatal y el capital privado. Pero se impusieron tras una lucha decidida. En 1974, los tribunales otorgaron derechos de manejo de peces a los nativos y ordenaron a las fuerzas del orden estatal que dejaran de hostigar. <\/p>\n\n<p>El 20 de enero de 2021, el presidente Biden detuvo la construcci\u00f3n del oleoducto Keystone XL despu\u00e9s de muchos a\u00f1os de campa\u00f1as de los nativos y sus aliados. Mediante una combinaci\u00f3n de acci\u00f3n directa, estrategias legales y legislativas, esfuerzos electorales y de ayuda mutua &#8211; adentro \/ afuera, al rev\u00e9s \/ abajo &#8211; la nueva administraci\u00f3n accedi\u00f3 a las demandas de la campa\u00f1a.<\/p>\n\n<p>Pero como advierte Judith Le Blanc:<\/p>\n\n<blockquote class=\"wp-block-quote is-layout-flow wp-block-quote-is-layout-flow\"><p>\u201cLa Administraci\u00f3n Biden detuvo el oleoducto KXL el primer d\u00eda como se hab\u00eda prometido. Pero sabemos que es un oleoducto zombi. Sabemos que a menos que haya cambios estructurales, a menos que haya cambios claros en las pol\u00edticas, no es suficiente &#8230; pero crea las condiciones en el terreno para seguir creando movimientos pol\u00edticos.\u201d<\/p><\/blockquote>\n","protected":false},"excerpt":{"rendered":"<p>Session #2: El Oleoducto Keystone XLFecha: 4 de mayo de 2021 Temas clave: alianzas estrat\u00e9gicas; ambiente; Espiritualidad nativa y cosmovisi\u00f3n organizativa; perspectivas bajo la administraci\u00f3n de Biden; gran aceite Presentadora: Judith Le Blanc es ciudadana de la tribu Caddo de Oklahoma y directora de la Alianza de Organizadores Nativos (NOA), una red nacional de formaci\u00f3n [&hellip;]<\/p>\n","protected":false},"author":1,"featured_media":0,"parent":0,"menu_order":0,"comment_status":"open","ping_status":"closed","template":"","meta":{"_uag_custom_page_level_css":"","footnotes":""},"class_list":["post-956","page","type-page","status-publish","hentry"],"yoast_head":"<!-- This site is optimized with the Yoast SEO plugin v22.4 - https:\/\/yoast.com\/wordpress\/plugins\/seo\/ -->\n<title>Madre Tierra Vence a las Grandes Petroleras - SpadeWork<\/title>\n<meta name=\"robots\" content=\"noindex, follow, max-snippet:-1, max-image-preview:large, max-video-preview:-1\" \/>\n<meta property=\"og:locale\" content=\"es_ES\" \/>\n<meta property=\"og:type\" content=\"article\" \/>\n<meta property=\"og:title\" content=\"Madre Tierra Vence a las Grandes Petroleras - SpadeWork\" \/>\n<meta property=\"og:description\" content=\"Session #2: El Oleoducto Keystone XLFecha: 4 de mayo de 2021 Temas clave: alianzas estrat\u00e9gicas; ambiente; Espiritualidad nativa y cosmovisi\u00f3n organizativa; perspectivas bajo la administraci\u00f3n de Biden; gran aceite Presentadora: Judith Le Blanc es ciudadana de la tribu Caddo de Oklahoma y directora de la Alianza de Organizadores Nativos (NOA), una red nacional de formaci\u00f3n [&hellip;]\" \/>\n<meta property=\"og:url\" content=\"https:\/\/spadework.nopanicdesignandhosting.com\/es\/madre-tierra-vence-a-las-grandes-petroleras\/\" \/>\n<meta property=\"og:site_name\" content=\"SpadeWork\" \/>\n<meta property=\"article:modified_time\" content=\"2021-07-08T00:24:30+00:00\" \/>\n<meta name=\"twitter:card\" content=\"summary_large_image\" \/>\n<meta name=\"twitter:label1\" content=\"Tiempo de lectura\" \/>\n\t<meta name=\"twitter:data1\" content=\"2 minutos\" \/>\n<script type=\"application\/ld+json\" class=\"yoast-schema-graph\">{\"@context\":\"https:\/\/schema.org\",\"@graph\":[{\"@type\":\"WebPage\",\"@id\":\"https:\/\/spadework.nopanicdesignandhosting.com\/es\/madre-tierra-vence-a-las-grandes-petroleras\/\",\"url\":\"https:\/\/spadework.nopanicdesignandhosting.com\/es\/madre-tierra-vence-a-las-grandes-petroleras\/\",\"name\":\"Madre Tierra Vence a las Grandes Petroleras - SpadeWork\",\"isPartOf\":{\"@id\":\"https:\/\/spadework.nopanicdesignandhosting.com\/#website\"},\"datePublished\":\"2021-05-06T19:25:38+00:00\",\"dateModified\":\"2021-07-08T00:24:30+00:00\",\"breadcrumb\":{\"@id\":\"https:\/\/spadework.nopanicdesignandhosting.com\/es\/madre-tierra-vence-a-las-grandes-petroleras\/#breadcrumb\"},\"inLanguage\":\"es\",\"potentialAction\":[{\"@type\":\"ReadAction\",\"target\":[\"https:\/\/spadework.nopanicdesignandhosting.com\/es\/madre-tierra-vence-a-las-grandes-petroleras\/\"]}]},{\"@type\":\"BreadcrumbList\",\"@id\":\"https:\/\/spadework.nopanicdesignandhosting.com\/es\/madre-tierra-vence-a-las-grandes-petroleras\/#breadcrumb\",\"itemListElement\":[{\"@type\":\"ListItem\",\"position\":1,\"name\":\"Home\",\"item\":\"https:\/\/spadework.nopanicdesignandhosting.com\/es\/\"},{\"@type\":\"ListItem\",\"position\":2,\"name\":\"Madre Tierra Vence a las Grandes Petroleras\"}]},{\"@type\":\"WebSite\",\"@id\":\"https:\/\/spadework.nopanicdesignandhosting.com\/#website\",\"url\":\"https:\/\/spadework.nopanicdesignandhosting.com\/\",\"name\":\"SpadeWork\",\"description\":\"Perfil de campa\u00f1as que doblaron el arco de la historia\",\"publisher\":{\"@id\":\"https:\/\/spadework.nopanicdesignandhosting.com\/#organization\"},\"potentialAction\":[{\"@type\":\"SearchAction\",\"target\":{\"@type\":\"EntryPoint\",\"urlTemplate\":\"https:\/\/spadework.nopanicdesignandhosting.com\/?s={search_term_string}\"},\"query-input\":\"required name=search_term_string\"}],\"inLanguage\":\"es\"},{\"@type\":\"Organization\",\"@id\":\"https:\/\/spadework.nopanicdesignandhosting.com\/#organization\",\"name\":\"SpadeWork\",\"url\":\"https:\/\/spadework.nopanicdesignandhosting.com\/\",\"logo\":{\"@type\":\"ImageObject\",\"inLanguage\":\"es\",\"@id\":\"https:\/\/spadework.nopanicdesignandhosting.com\/#\/schema\/logo\/image\/\",\"url\":\"https:\/\/spadework.nopanicdesignandhosting.com\/wp-content\/uploads\/2021\/03\/Spade-Work-Logo_Full-logo_white.png\",\"contentUrl\":\"https:\/\/spadework.nopanicdesignandhosting.com\/wp-content\/uploads\/2021\/03\/Spade-Work-Logo_Full-logo_white.png\",\"width\":2634,\"height\":947,\"caption\":\"SpadeWork\"},\"image\":{\"@id\":\"https:\/\/spadework.nopanicdesignandhosting.com\/#\/schema\/logo\/image\/\"}}]}<\/script>\n<!-- \/ Yoast SEO plugin. -->","yoast_head_json":{"title":"Madre Tierra Vence a las Grandes Petroleras - SpadeWork","robots":{"index":"noindex","follow":"follow","max-snippet":"max-snippet:-1","max-image-preview":"max-image-preview:large","max-video-preview":"max-video-preview:-1"},"og_locale":"es_ES","og_type":"article","og_title":"Madre Tierra Vence a las Grandes Petroleras - SpadeWork","og_description":"Session #2: El Oleoducto Keystone XLFecha: 4 de mayo de 2021 Temas clave: alianzas estrat\u00e9gicas; ambiente; Espiritualidad nativa y cosmovisi\u00f3n organizativa; perspectivas bajo la administraci\u00f3n de Biden; gran aceite Presentadora: Judith Le Blanc es ciudadana de la tribu Caddo de Oklahoma y directora de la Alianza de Organizadores Nativos (NOA), una red nacional de formaci\u00f3n [&hellip;]","og_url":"https:\/\/spadework.nopanicdesignandhosting.com\/es\/madre-tierra-vence-a-las-grandes-petroleras\/","og_site_name":"SpadeWork","article_modified_time":"2021-07-08T00:24:30+00:00","twitter_card":"summary_large_image","twitter_misc":{"Tiempo de lectura":"2 minutos"},"schema":{"@context":"https:\/\/schema.org","@graph":[{"@type":"WebPage","@id":"https:\/\/spadework.nopanicdesignandhosting.com\/es\/madre-tierra-vence-a-las-grandes-petroleras\/","url":"https:\/\/spadework.nopanicdesignandhosting.com\/es\/madre-tierra-vence-a-las-grandes-petroleras\/","name":"Madre Tierra Vence a las Grandes Petroleras - SpadeWork","isPartOf":{"@id":"https:\/\/spadework.nopanicdesignandhosting.com\/#website"},"datePublished":"2021-05-06T19:25:38+00:00","dateModified":"2021-07-08T00:24:30+00:00","breadcrumb":{"@id":"https:\/\/spadework.nopanicdesignandhosting.com\/es\/madre-tierra-vence-a-las-grandes-petroleras\/#breadcrumb"},"inLanguage":"es","potentialAction":[{"@type":"ReadAction","target":["https:\/\/spadework.nopanicdesignandhosting.com\/es\/madre-tierra-vence-a-las-grandes-petroleras\/"]}]},{"@type":"BreadcrumbList","@id":"https:\/\/spadework.nopanicdesignandhosting.com\/es\/madre-tierra-vence-a-las-grandes-petroleras\/#breadcrumb","itemListElement":[{"@type":"ListItem","position":1,"name":"Home","item":"https:\/\/spadework.nopanicdesignandhosting.com\/es\/"},{"@type":"ListItem","position":2,"name":"Madre Tierra Vence a las Grandes Petroleras"}]},{"@type":"WebSite","@id":"https:\/\/spadework.nopanicdesignandhosting.com\/#website","url":"https:\/\/spadework.nopanicdesignandhosting.com\/","name":"SpadeWork","description":"Perfil de campa\u00f1as que doblaron el arco de la historia","publisher":{"@id":"https:\/\/spadework.nopanicdesignandhosting.com\/#organization"},"potentialAction":[{"@type":"SearchAction","target":{"@type":"EntryPoint","urlTemplate":"https:\/\/spadework.nopanicdesignandhosting.com\/?s={search_term_string}"},"query-input":"required name=search_term_string"}],"inLanguage":"es"},{"@type":"Organization","@id":"https:\/\/spadework.nopanicdesignandhosting.com\/#organization","name":"SpadeWork","url":"https:\/\/spadework.nopanicdesignandhosting.com\/","logo":{"@type":"ImageObject","inLanguage":"es","@id":"https:\/\/spadework.nopanicdesignandhosting.com\/#\/schema\/logo\/image\/","url":"https:\/\/spadework.nopanicdesignandhosting.com\/wp-content\/uploads\/2021\/03\/Spade-Work-Logo_Full-logo_white.png","contentUrl":"https:\/\/spadework.nopanicdesignandhosting.com\/wp-content\/uploads\/2021\/03\/Spade-Work-Logo_Full-logo_white.png","width":2634,"height":947,"caption":"SpadeWork"},"image":{"@id":"https:\/\/spadework.nopanicdesignandhosting.com\/#\/schema\/logo\/image\/"}}]}},"uagb_featured_image_src":{"full":false,"thumbnail":false,"medium":false,"medium_large":false,"large":false,"1536x1536":false,"2048x2048":false,"post-thumbnail":false,"twentytwenty-fullscreen":false},"uagb_author_info":{"display_name":"SpadeWork","author_link":"https:\/\/spadework.nopanicdesignandhosting.com\/es\/author\/jonathansafir\/"},"uagb_comment_info":1,"uagb_excerpt":"Session #2: El Oleoducto Keystone XLFecha: 4 de mayo de 2021 Temas clave: alianzas estrat\u00e9gicas; ambiente; Espiritualidad nativa y cosmovisi\u00f3n organizativa; perspectivas bajo la administraci\u00f3n de Biden; gran aceite Presentadora: Judith Le Blanc es ciudadana de la tribu Caddo de Oklahoma y directora de la Alianza de Organizadores Nativos (NOA), una red nacional de formaci\u00f3n&hellip;","_links":{"self":[{"href":"https:\/\/spadework.nopanicdesignandhosting.com\/es\/wp-json\/wp\/v2\/pages\/956","targetHints":{"allow":["GET"]}}],"collection":[{"href":"https:\/\/spadework.nopanicdesignandhosting.com\/es\/wp-json\/wp\/v2\/pages"}],"about":[{"href":"https:\/\/spadework.nopanicdesignandhosting.com\/es\/wp-json\/wp\/v2\/types\/page"}],"author":[{"embeddable":true,"href":"https:\/\/spadework.nopanicdesignandhosting.com\/es\/wp-json\/wp\/v2\/users\/1"}],"replies":[{"embeddable":true,"href":"https:\/\/spadework.nopanicdesignandhosting.com\/es\/wp-json\/wp\/v2\/comments?post=956"}],"version-history":[{"count":0,"href":"https:\/\/spadework.nopanicdesignandhosting.com\/es\/wp-json\/wp\/v2\/pages\/956\/revisions"}],"wp:attachment":[{"href":"https:\/\/spadework.nopanicdesignandhosting.com\/es\/wp-json\/wp\/v2\/media?parent=956"}],"curies":[{"name":"wp","href":"https:\/\/api.w.org\/{rel}","templated":true}]}}