{"id":875,"date":"2021-04-27T08:33:55","date_gmt":"2021-04-27T19:33:55","guid":{"rendered":"https:\/\/spadework.nopanicdesignandhosting.com\/campana-de-desinversion-en-sudafrica\/"},"modified":"2021-05-10T21:42:26","modified_gmt":"2021-05-11T08:42:26","slug":"campana-de-desinversion-en-sudafrica","status":"publish","type":"page","link":"https:\/\/spadework.nopanicdesignandhosting.com\/es\/campana-de-desinversion-en-sudafrica\/","title":{"rendered":"Campa\u00f1a de Desinversi\u00f3n en Sud\u00e1frica"},"content":{"rendered":"\n<h5 class=\"has-small-font-size wp-block-heading\">Sesi\u00f3n #1: Movimiento Anti-Apartheid en los Estados Unidos<br\/>Fecha: 26 de abril de 2021<\/h5>\n\n<p>Resumen del documento: \u00abActividades Anti-Apartheid en los Estados Unidos de Am\u00e9rica: A Rising Tide\u00bb (1977). Escritos y discursos de Rozell \u00abPrexy\u00bb Nesbitt. Presentado ante el Comit\u00e9 Especial de las Naciones Unidas contra el Apartheid el 12 de diciembre de 1977.<\/p>\n\n<p>Presentador: Prexy Nesbitt, Becario Presidencial en Estudios sobre la Paz, Chapman College.<\/p>\n\n<figure class=\"wp-block-embed is-type-video is-provider-youtube wp-block-embed-youtube wp-embed-aspect-16-9 wp-has-aspect-ratio\"><div class=\"wp-block-embed__wrapper\">\n<iframe title=\"Freedom School Session #1 : Anti-Apartheid Movement\" width=\"580\" height=\"326\" src=\"https:\/\/www.youtube.com\/embed\/UwvyPrwJsM4?feature=oembed\" frameborder=\"0\" allow=\"accelerometer; autoplay; clipboard-write; encrypted-media; gyroscope; picture-in-picture; web-share\" referrerpolicy=\"strict-origin-when-cross-origin\" allowfullscreen><\/iframe>\n<\/div><\/figure>\n\n<p>Soweto, Alexandra, Tembisa, Port Elizabeth. La Universidad de Fort Hare, la lucha de los estudiantes negros sudafricanos, el movimiento de concienciaci\u00f3n negra, las detenciones masivas, la muerte de Steven Biko, el continuo boicot escolar de los ni\u00f1os, todos estos momentos de la resistencia continua del pueblo africano y sus aliados dentro de Sud\u00e1frica han despertado chispas que ahora empiezan a encender la llama en Estados Unidos. <\/p>\n\n<p>A finales de 1977, el movimiento para el desmantelamiento del apartheid en Sud\u00e1frica estaba arraigado en la creciente solidaridad de la comunidad negra de Estados Unidos con la liberaci\u00f3n en el sur de \u00c1frica. En las palabras de Paul Robeson: \u00abLa persona negra -y me refiero a las personas negras estadounidenses, as\u00ed como a la gente antillana y africana- tiene un entendimiento directo y de primera mano, que la mayor\u00eda de la gente no tiene, sobre lo que es la explotaci\u00f3n y la opresi\u00f3n imperialista. Para la persona Negra no se trata de un problema te\u00f3rico lejano&#8230;\u00bb Diversas iniciativas para proporcionar apoyo pol\u00edtico y financiero a la lucha por la libertad de Sud\u00e1frica surgieron desde peque\u00f1as organizaciones comunitarias, iglesias e instituciones religiosas, hasta formaciones nacionales como la NAACP y la Liga Urbana Nacional, incluyendo el Caucus Negro del Congreso. <\/p>\n\n<p>El movimiento antiapartheid emple\u00f3 algunas de las estrategias organizativas m\u00e1s creativas de la \u00e9poca para aislar al r\u00e9gimen del apartheid sudafricano. Para ello es fundamental una \u00abestrategia de desinversi\u00f3n\u00bb que (a) e utiliza las acciones de los accionistas de las empresas que hacen negocios en Sud\u00e1frica (por ejemplo, Texaco, Mobil, Ford, General Electric, Standard Oil, Union Carbide, Goodyear), (b) exige que las Universidades se desprendan de las inversiones y relaciones comerciales con cualquier empresa que invierta en Sud\u00e1frica (por ejemplo Columbia, Oberlin, la Universidad de Massachusetts, la Universidad de Oreg\u00f3n, el Antioch College, la Universidad de Wisconsin), (c) coordina que se retiren de forma masiva las cuentas bancarias de los clientes (incluidos los sindicatos y las universidades) con cuentas en instituciones financieras que realizan negocios en Sud\u00e1frica, y (d) boicotea los eventos deportivos de gran renombre, como la Copa Davis y los partidos de exhibici\u00f3n con el equipo de rugby de Sud\u00e1frica. \u00abEsperamos que los cientos de millones de d\u00f3lares de los dep\u00f3sitos de las iglesias, cuentas de fideicomisos, fondos de pensiones, etc. se utilicen para ejercer presi\u00f3n sobre los bancos.\u00bb A finales de 1977, las campa\u00f1as bancarias estaban en marcha en Rochester, Boston, Chicago, San Francisco, Filadelfia, Cleveland, Nueva York, y comenzando en Milwaukee, Madison y Minneapolis. Se han retirado un m\u00ednimo de entre 30 y 35 millones de d\u00f3lares que se pueden ligar a esas campa\u00f1as. <\/p>\n\n<p>La participaci\u00f3n de los sindicatos en las campa\u00f1as de desinversi\u00f3n es notoria. Los sindicatos locales y sus federaciones disponen de importantes cuentas bancarias y fueron un blanco expl\u00edcito de la campa\u00f1a. Por eso cuando el 24 de junio de 1977, el Joint Furriers Council retir\u00f3 una n\u00f3mina de 8 millones de d\u00f3lares al a\u00f1o y un fondo de pensiones de 16 millones de d\u00f3lares de Manufacturers Hanover Trust, marc\u00f3 un punto de inflexi\u00f3n en la campa\u00f1a. Las t\u00e1cticas laborales se extendieron a las acciones de solidaridad en el puerto cuando el ILWU resolvi\u00f3 \u00abdetener toda manipulaci\u00f3n de mercanc\u00edas hacia o desde \u00c1frica del Sur y Rhodesia\u00bb en su convenci\u00f3n de 1977.<\/p>\n","protected":false},"excerpt":{"rendered":"<p>Sesi\u00f3n #1: Movimiento Anti-Apartheid en los Estados UnidosFecha: 26 de abril de 2021 Resumen del documento: \u00abActividades Anti-Apartheid en los Estados Unidos de Am\u00e9rica: A Rising Tide\u00bb (1977). Escritos y discursos de Rozell \u00abPrexy\u00bb Nesbitt. Presentado ante el Comit\u00e9 Especial de las Naciones Unidas contra el Apartheid el 12 de diciembre de 1977. Presentador: Prexy [&hellip;]<\/p>\n","protected":false},"author":1,"featured_media":0,"parent":0,"menu_order":0,"comment_status":"closed","ping_status":"closed","template":"","meta":{"_uag_custom_page_level_css":"","footnotes":""},"class_list":["post-875","page","type-page","status-publish","hentry"],"yoast_head":"<!-- This site is optimized with the Yoast SEO plugin v22.4 - https:\/\/yoast.com\/wordpress\/plugins\/seo\/ -->\n<title>Campa\u00f1a de Desinversi\u00f3n en Sud\u00e1frica - SpadeWork<\/title>\n<meta name=\"robots\" content=\"noindex, follow, max-snippet:-1, max-image-preview:large, max-video-preview:-1\" \/>\n<meta property=\"og:locale\" content=\"es_ES\" \/>\n<meta property=\"og:type\" content=\"article\" \/>\n<meta property=\"og:title\" content=\"Campa\u00f1a de Desinversi\u00f3n en Sud\u00e1frica - SpadeWork\" \/>\n<meta property=\"og:description\" content=\"Sesi\u00f3n #1: Movimiento Anti-Apartheid en los Estados UnidosFecha: 26 de abril de 2021 Resumen del documento: \u00abActividades Anti-Apartheid en los Estados Unidos de Am\u00e9rica: A Rising Tide\u00bb (1977). Escritos y discursos de Rozell \u00abPrexy\u00bb Nesbitt. Presentado ante el Comit\u00e9 Especial de las Naciones Unidas contra el Apartheid el 12 de diciembre de 1977. Presentador: Prexy [&hellip;]\" \/>\n<meta property=\"og:url\" content=\"https:\/\/spadework.nopanicdesignandhosting.com\/es\/campana-de-desinversion-en-sudafrica\/\" \/>\n<meta property=\"og:site_name\" content=\"SpadeWork\" \/>\n<meta property=\"article:modified_time\" content=\"2021-05-11T08:42:26+00:00\" \/>\n<meta name=\"twitter:card\" content=\"summary_large_image\" \/>\n<meta name=\"twitter:label1\" content=\"Tiempo de lectura\" \/>\n\t<meta name=\"twitter:data1\" content=\"3 minutos\" \/>\n<script type=\"application\/ld+json\" class=\"yoast-schema-graph\">{\"@context\":\"https:\/\/schema.org\",\"@graph\":[{\"@type\":\"WebPage\",\"@id\":\"https:\/\/spadework.nopanicdesignandhosting.com\/es\/campana-de-desinversion-en-sudafrica\/\",\"url\":\"https:\/\/spadework.nopanicdesignandhosting.com\/es\/campana-de-desinversion-en-sudafrica\/\",\"name\":\"Campa\u00f1a de Desinversi\u00f3n en Sud\u00e1frica - SpadeWork\",\"isPartOf\":{\"@id\":\"https:\/\/spadework.nopanicdesignandhosting.com\/#website\"},\"datePublished\":\"2021-04-27T19:33:55+00:00\",\"dateModified\":\"2021-05-11T08:42:26+00:00\",\"breadcrumb\":{\"@id\":\"https:\/\/spadework.nopanicdesignandhosting.com\/es\/campana-de-desinversion-en-sudafrica\/#breadcrumb\"},\"inLanguage\":\"es\",\"potentialAction\":[{\"@type\":\"ReadAction\",\"target\":[\"https:\/\/spadework.nopanicdesignandhosting.com\/es\/campana-de-desinversion-en-sudafrica\/\"]}]},{\"@type\":\"BreadcrumbList\",\"@id\":\"https:\/\/spadework.nopanicdesignandhosting.com\/es\/campana-de-desinversion-en-sudafrica\/#breadcrumb\",\"itemListElement\":[{\"@type\":\"ListItem\",\"position\":1,\"name\":\"Home\",\"item\":\"https:\/\/spadework.nopanicdesignandhosting.com\/es\/\"},{\"@type\":\"ListItem\",\"position\":2,\"name\":\"Campa\u00f1a de Desinversi\u00f3n en Sud\u00e1frica\"}]},{\"@type\":\"WebSite\",\"@id\":\"https:\/\/spadework.nopanicdesignandhosting.com\/#website\",\"url\":\"https:\/\/spadework.nopanicdesignandhosting.com\/\",\"name\":\"SpadeWork\",\"description\":\"Perfil de campa\u00f1as que doblaron el arco de la historia\",\"publisher\":{\"@id\":\"https:\/\/spadework.nopanicdesignandhosting.com\/#organization\"},\"potentialAction\":[{\"@type\":\"SearchAction\",\"target\":{\"@type\":\"EntryPoint\",\"urlTemplate\":\"https:\/\/spadework.nopanicdesignandhosting.com\/?s={search_term_string}\"},\"query-input\":\"required name=search_term_string\"}],\"inLanguage\":\"es\"},{\"@type\":\"Organization\",\"@id\":\"https:\/\/spadework.nopanicdesignandhosting.com\/#organization\",\"name\":\"SpadeWork\",\"url\":\"https:\/\/spadework.nopanicdesignandhosting.com\/\",\"logo\":{\"@type\":\"ImageObject\",\"inLanguage\":\"es\",\"@id\":\"https:\/\/spadework.nopanicdesignandhosting.com\/#\/schema\/logo\/image\/\",\"url\":\"https:\/\/spadework.nopanicdesignandhosting.com\/wp-content\/uploads\/2021\/03\/Spade-Work-Logo_Full-logo_white.png\",\"contentUrl\":\"https:\/\/spadework.nopanicdesignandhosting.com\/wp-content\/uploads\/2021\/03\/Spade-Work-Logo_Full-logo_white.png\",\"width\":2634,\"height\":947,\"caption\":\"SpadeWork\"},\"image\":{\"@id\":\"https:\/\/spadework.nopanicdesignandhosting.com\/#\/schema\/logo\/image\/\"}}]}<\/script>\n<!-- \/ Yoast SEO plugin. -->","yoast_head_json":{"title":"Campa\u00f1a de Desinversi\u00f3n en Sud\u00e1frica - SpadeWork","robots":{"index":"noindex","follow":"follow","max-snippet":"max-snippet:-1","max-image-preview":"max-image-preview:large","max-video-preview":"max-video-preview:-1"},"og_locale":"es_ES","og_type":"article","og_title":"Campa\u00f1a de Desinversi\u00f3n en Sud\u00e1frica - SpadeWork","og_description":"Sesi\u00f3n #1: Movimiento Anti-Apartheid en los Estados UnidosFecha: 26 de abril de 2021 Resumen del documento: \u00abActividades Anti-Apartheid en los Estados Unidos de Am\u00e9rica: A Rising Tide\u00bb (1977). Escritos y discursos de Rozell \u00abPrexy\u00bb Nesbitt. Presentado ante el Comit\u00e9 Especial de las Naciones Unidas contra el Apartheid el 12 de diciembre de 1977. Presentador: Prexy [&hellip;]","og_url":"https:\/\/spadework.nopanicdesignandhosting.com\/es\/campana-de-desinversion-en-sudafrica\/","og_site_name":"SpadeWork","article_modified_time":"2021-05-11T08:42:26+00:00","twitter_card":"summary_large_image","twitter_misc":{"Tiempo de lectura":"3 minutos"},"schema":{"@context":"https:\/\/schema.org","@graph":[{"@type":"WebPage","@id":"https:\/\/spadework.nopanicdesignandhosting.com\/es\/campana-de-desinversion-en-sudafrica\/","url":"https:\/\/spadework.nopanicdesignandhosting.com\/es\/campana-de-desinversion-en-sudafrica\/","name":"Campa\u00f1a de Desinversi\u00f3n en Sud\u00e1frica - SpadeWork","isPartOf":{"@id":"https:\/\/spadework.nopanicdesignandhosting.com\/#website"},"datePublished":"2021-04-27T19:33:55+00:00","dateModified":"2021-05-11T08:42:26+00:00","breadcrumb":{"@id":"https:\/\/spadework.nopanicdesignandhosting.com\/es\/campana-de-desinversion-en-sudafrica\/#breadcrumb"},"inLanguage":"es","potentialAction":[{"@type":"ReadAction","target":["https:\/\/spadework.nopanicdesignandhosting.com\/es\/campana-de-desinversion-en-sudafrica\/"]}]},{"@type":"BreadcrumbList","@id":"https:\/\/spadework.nopanicdesignandhosting.com\/es\/campana-de-desinversion-en-sudafrica\/#breadcrumb","itemListElement":[{"@type":"ListItem","position":1,"name":"Home","item":"https:\/\/spadework.nopanicdesignandhosting.com\/es\/"},{"@type":"ListItem","position":2,"name":"Campa\u00f1a de Desinversi\u00f3n en Sud\u00e1frica"}]},{"@type":"WebSite","@id":"https:\/\/spadework.nopanicdesignandhosting.com\/#website","url":"https:\/\/spadework.nopanicdesignandhosting.com\/","name":"SpadeWork","description":"Perfil de campa\u00f1as que doblaron el arco de la historia","publisher":{"@id":"https:\/\/spadework.nopanicdesignandhosting.com\/#organization"},"potentialAction":[{"@type":"SearchAction","target":{"@type":"EntryPoint","urlTemplate":"https:\/\/spadework.nopanicdesignandhosting.com\/?s={search_term_string}"},"query-input":"required name=search_term_string"}],"inLanguage":"es"},{"@type":"Organization","@id":"https:\/\/spadework.nopanicdesignandhosting.com\/#organization","name":"SpadeWork","url":"https:\/\/spadework.nopanicdesignandhosting.com\/","logo":{"@type":"ImageObject","inLanguage":"es","@id":"https:\/\/spadework.nopanicdesignandhosting.com\/#\/schema\/logo\/image\/","url":"https:\/\/spadework.nopanicdesignandhosting.com\/wp-content\/uploads\/2021\/03\/Spade-Work-Logo_Full-logo_white.png","contentUrl":"https:\/\/spadework.nopanicdesignandhosting.com\/wp-content\/uploads\/2021\/03\/Spade-Work-Logo_Full-logo_white.png","width":2634,"height":947,"caption":"SpadeWork"},"image":{"@id":"https:\/\/spadework.nopanicdesignandhosting.com\/#\/schema\/logo\/image\/"}}]}},"uagb_featured_image_src":{"full":false,"thumbnail":false,"medium":false,"medium_large":false,"large":false,"1536x1536":false,"2048x2048":false,"post-thumbnail":false,"twentytwenty-fullscreen":false},"uagb_author_info":{"display_name":"SpadeWork","author_link":"https:\/\/spadework.nopanicdesignandhosting.com\/es\/author\/jonathansafir\/"},"uagb_comment_info":0,"uagb_excerpt":"Sesi\u00f3n #1: Movimiento Anti-Apartheid en los Estados UnidosFecha: 26 de abril de 2021 Resumen del documento: \u00abActividades Anti-Apartheid en los Estados Unidos de Am\u00e9rica: A Rising Tide\u00bb (1977). Escritos y discursos de Rozell \u00abPrexy\u00bb Nesbitt. Presentado ante el Comit\u00e9 Especial de las Naciones Unidas contra el Apartheid el 12 de diciembre de 1977. Presentador: Prexy&hellip;","_links":{"self":[{"href":"https:\/\/spadework.nopanicdesignandhosting.com\/es\/wp-json\/wp\/v2\/pages\/875","targetHints":{"allow":["GET"]}}],"collection":[{"href":"https:\/\/spadework.nopanicdesignandhosting.com\/es\/wp-json\/wp\/v2\/pages"}],"about":[{"href":"https:\/\/spadework.nopanicdesignandhosting.com\/es\/wp-json\/wp\/v2\/types\/page"}],"author":[{"embeddable":true,"href":"https:\/\/spadework.nopanicdesignandhosting.com\/es\/wp-json\/wp\/v2\/users\/1"}],"replies":[{"embeddable":true,"href":"https:\/\/spadework.nopanicdesignandhosting.com\/es\/wp-json\/wp\/v2\/comments?post=875"}],"version-history":[{"count":0,"href":"https:\/\/spadework.nopanicdesignandhosting.com\/es\/wp-json\/wp\/v2\/pages\/875\/revisions"}],"wp:attachment":[{"href":"https:\/\/spadework.nopanicdesignandhosting.com\/es\/wp-json\/wp\/v2\/media?parent=875"}],"curies":[{"name":"wp","href":"https:\/\/api.w.org\/{rel}","templated":true}]}}