{"id":1484,"date":"2021-07-17T15:51:15","date_gmt":"2021-07-18T02:51:15","guid":{"rendered":"https:\/\/spadework.nopanicdesignandhosting.com\/?page_id=1484"},"modified":"2021-07-20T06:04:22","modified_gmt":"2021-07-20T17:04:22","slug":"libertad-escuela-2","status":"publish","type":"page","link":"https:\/\/spadework.nopanicdesignandhosting.com\/es\/","title":{"rendered":"Escuela de la Libertad"},"content":{"rendered":"\n<p>\u00bfQu\u00e9 es la Escuela de la Libertad? Como parte de SpadeWork, la Escuela de la Libertad presenta campa\u00f1as estrat\u00e9gicas clave que alteraron el curso de la historia, no como un ejercicio acad\u00e9mico, sino como una parte importante de la formaci\u00f3n de organizadores. SpadeWork sit\u00faa su linaje junto a la rica historia de las luchas por la libertad en todo el mundo. Nos inspiran estos ejemplos de valor y profundo amor por la gente. La Escuela de la Libertad enfatiza una pr\u00e1ctica esencial de los organizadores: estudiar, reflexionar y aprender de las victorias y los errores del movimiento. Luego, aplicar&#8230;.enjuagar, repetir&#8230; <\/p>\n\n<p>Hemos invitado a nuestros amigos (y amigos de nuestros amigos) a presentar porque han participado personalmente en estos movimientos. Hablan desde el coraz\u00f3n. Pero tambi\u00e9n han reflexionado sobre las lecciones clave que estas campa\u00f1as pueden ense\u00f1arnos en nuestro camino colectivo hacia la liberaci\u00f3n. <\/p>\n\n<p>Concluimos la primera serie de Freedom School con diez sesiones. Hacer clic<a href=\"https:\/\/spadework.nopanicdesignandhosting.com\/es\/resumen-de-la-serie\/\"> AQU\u00cd<\/a> para ver las grabaciones.<\/p>\n\n<figure class=\"wp-block-embed is-type-video is-provider-youtube wp-block-embed-youtube wp-embed-aspect-16-9 wp-has-aspect-ratio\"><div class=\"wp-block-embed__wrapper\">\n<iframe title=\"Welcome to Freedom School\" width=\"580\" height=\"326\" src=\"https:\/\/www.youtube.com\/embed\/PzG_Eh6j9zk?feature=oembed\" frameborder=\"0\" allow=\"accelerometer; autoplay; clipboard-write; encrypted-media; gyroscope; picture-in-picture; web-share\" referrerpolicy=\"strict-origin-when-cross-origin\" allowfullscreen><\/iframe>\n<\/div><\/figure>\n","protected":false},"excerpt":{"rendered":"<p>\u00bfQu\u00e9 es la Escuela de la Libertad? Como parte de SpadeWork, la Escuela de la Libertad presenta campa\u00f1as estrat\u00e9gicas clave que alteraron el curso de la historia, no como un ejercicio acad\u00e9mico, sino como una parte importante de la formaci\u00f3n de organizadores. SpadeWork sit\u00faa su linaje junto a la rica historia de las luchas por [&hellip;]<\/p>\n","protected":false},"author":1,"featured_media":0,"parent":0,"menu_order":0,"comment_status":"closed","ping_status":"closed","template":"","meta":{"_uag_custom_page_level_css":"","footnotes":""},"class_list":["post-1484","page","type-page","status-publish","hentry"],"yoast_head":"<!-- This site is optimized with the Yoast SEO plugin v22.4 - https:\/\/yoast.com\/wordpress\/plugins\/seo\/ -->\n<title>Escuela de la Libertad - SpadeWork<\/title>\n<meta name=\"robots\" content=\"noindex, follow, max-snippet:-1, max-image-preview:large, max-video-preview:-1\" \/>\n<meta property=\"og:locale\" content=\"es_ES\" \/>\n<meta property=\"og:type\" content=\"article\" \/>\n<meta property=\"og:title\" content=\"Escuela de la Libertad - SpadeWork\" \/>\n<meta property=\"og:description\" content=\"\u00bfQu\u00e9 es la Escuela de la Libertad? Como parte de SpadeWork, la Escuela de la Libertad presenta campa\u00f1as estrat\u00e9gicas clave que alteraron el curso de la historia, no como un ejercicio acad\u00e9mico, sino como una parte importante de la formaci\u00f3n de organizadores. SpadeWork sit\u00faa su linaje junto a la rica historia de las luchas por [&hellip;]\" \/>\n<meta property=\"og:url\" content=\"https:\/\/spadework.nopanicdesignandhosting.com\/es\/\" \/>\n<meta property=\"og:site_name\" content=\"SpadeWork\" \/>\n<meta property=\"article:modified_time\" content=\"2021-07-20T17:04:22+00:00\" \/>\n<meta name=\"twitter:card\" content=\"summary_large_image\" \/>\n<meta name=\"twitter:label1\" content=\"Tiempo de lectura\" \/>\n\t<meta name=\"twitter:data1\" content=\"1 minuto\" \/>\n<script type=\"application\/ld+json\" class=\"yoast-schema-graph\">{\"@context\":\"https:\/\/schema.org\",\"@graph\":[{\"@type\":\"WebPage\",\"@id\":\"https:\/\/spadework.nopanicdesignandhosting.com\/es\/\",\"url\":\"https:\/\/spadework.nopanicdesignandhosting.com\/es\/\",\"name\":\"Escuela de la Libertad - SpadeWork\",\"isPartOf\":{\"@id\":\"https:\/\/spadework.nopanicdesignandhosting.com\/#website\"},\"datePublished\":\"2021-07-18T02:51:15+00:00\",\"dateModified\":\"2021-07-20T17:04:22+00:00\",\"breadcrumb\":{\"@id\":\"https:\/\/spadework.nopanicdesignandhosting.com\/es\/#breadcrumb\"},\"inLanguage\":\"es\",\"potentialAction\":[{\"@type\":\"ReadAction\",\"target\":[\"https:\/\/spadework.nopanicdesignandhosting.com\/es\/\"]}]},{\"@type\":\"BreadcrumbList\",\"@id\":\"https:\/\/spadework.nopanicdesignandhosting.com\/es\/#breadcrumb\",\"itemListElement\":[{\"@type\":\"ListItem\",\"position\":1,\"name\":\"Home\",\"item\":\"https:\/\/spadework.nopanicdesignandhosting.com\/es\/\"},{\"@type\":\"ListItem\",\"position\":2,\"name\":\"Escuela de la Libertad\"}]},{\"@type\":\"WebSite\",\"@id\":\"https:\/\/spadework.nopanicdesignandhosting.com\/#website\",\"url\":\"https:\/\/spadework.nopanicdesignandhosting.com\/\",\"name\":\"SpadeWork\",\"description\":\"Perfil de campa\u00f1as que doblaron el arco de la historia\",\"publisher\":{\"@id\":\"https:\/\/spadework.nopanicdesignandhosting.com\/#organization\"},\"potentialAction\":[{\"@type\":\"SearchAction\",\"target\":{\"@type\":\"EntryPoint\",\"urlTemplate\":\"https:\/\/spadework.nopanicdesignandhosting.com\/?s={search_term_string}\"},\"query-input\":\"required name=search_term_string\"}],\"inLanguage\":\"es\"},{\"@type\":\"Organization\",\"@id\":\"https:\/\/spadework.nopanicdesignandhosting.com\/#organization\",\"name\":\"SpadeWork\",\"url\":\"https:\/\/spadework.nopanicdesignandhosting.com\/\",\"logo\":{\"@type\":\"ImageObject\",\"inLanguage\":\"es\",\"@id\":\"https:\/\/spadework.nopanicdesignandhosting.com\/#\/schema\/logo\/image\/\",\"url\":\"https:\/\/spadework.nopanicdesignandhosting.com\/wp-content\/uploads\/2021\/03\/Spade-Work-Logo_Full-logo_white.png\",\"contentUrl\":\"https:\/\/spadework.nopanicdesignandhosting.com\/wp-content\/uploads\/2021\/03\/Spade-Work-Logo_Full-logo_white.png\",\"width\":2634,\"height\":947,\"caption\":\"SpadeWork\"},\"image\":{\"@id\":\"https:\/\/spadework.nopanicdesignandhosting.com\/#\/schema\/logo\/image\/\"}}]}<\/script>\n<!-- \/ Yoast SEO plugin. -->","yoast_head_json":{"title":"Escuela de la Libertad - SpadeWork","robots":{"index":"noindex","follow":"follow","max-snippet":"max-snippet:-1","max-image-preview":"max-image-preview:large","max-video-preview":"max-video-preview:-1"},"og_locale":"es_ES","og_type":"article","og_title":"Escuela de la Libertad - SpadeWork","og_description":"\u00bfQu\u00e9 es la Escuela de la Libertad? Como parte de SpadeWork, la Escuela de la Libertad presenta campa\u00f1as estrat\u00e9gicas clave que alteraron el curso de la historia, no como un ejercicio acad\u00e9mico, sino como una parte importante de la formaci\u00f3n de organizadores. SpadeWork sit\u00faa su linaje junto a la rica historia de las luchas por [&hellip;]","og_url":"https:\/\/spadework.nopanicdesignandhosting.com\/es\/","og_site_name":"SpadeWork","article_modified_time":"2021-07-20T17:04:22+00:00","twitter_card":"summary_large_image","twitter_misc":{"Tiempo de lectura":"1 minuto"},"schema":{"@context":"https:\/\/schema.org","@graph":[{"@type":"WebPage","@id":"https:\/\/spadework.nopanicdesignandhosting.com\/es\/","url":"https:\/\/spadework.nopanicdesignandhosting.com\/es\/","name":"Escuela de la Libertad - SpadeWork","isPartOf":{"@id":"https:\/\/spadework.nopanicdesignandhosting.com\/#website"},"datePublished":"2021-07-18T02:51:15+00:00","dateModified":"2021-07-20T17:04:22+00:00","breadcrumb":{"@id":"https:\/\/spadework.nopanicdesignandhosting.com\/es\/#breadcrumb"},"inLanguage":"es","potentialAction":[{"@type":"ReadAction","target":["https:\/\/spadework.nopanicdesignandhosting.com\/es\/"]}]},{"@type":"BreadcrumbList","@id":"https:\/\/spadework.nopanicdesignandhosting.com\/es\/#breadcrumb","itemListElement":[{"@type":"ListItem","position":1,"name":"Home","item":"https:\/\/spadework.nopanicdesignandhosting.com\/es\/"},{"@type":"ListItem","position":2,"name":"Escuela de la Libertad"}]},{"@type":"WebSite","@id":"https:\/\/spadework.nopanicdesignandhosting.com\/#website","url":"https:\/\/spadework.nopanicdesignandhosting.com\/","name":"SpadeWork","description":"Perfil de campa\u00f1as que doblaron el arco de la historia","publisher":{"@id":"https:\/\/spadework.nopanicdesignandhosting.com\/#organization"},"potentialAction":[{"@type":"SearchAction","target":{"@type":"EntryPoint","urlTemplate":"https:\/\/spadework.nopanicdesignandhosting.com\/?s={search_term_string}"},"query-input":"required name=search_term_string"}],"inLanguage":"es"},{"@type":"Organization","@id":"https:\/\/spadework.nopanicdesignandhosting.com\/#organization","name":"SpadeWork","url":"https:\/\/spadework.nopanicdesignandhosting.com\/","logo":{"@type":"ImageObject","inLanguage":"es","@id":"https:\/\/spadework.nopanicdesignandhosting.com\/#\/schema\/logo\/image\/","url":"https:\/\/spadework.nopanicdesignandhosting.com\/wp-content\/uploads\/2021\/03\/Spade-Work-Logo_Full-logo_white.png","contentUrl":"https:\/\/spadework.nopanicdesignandhosting.com\/wp-content\/uploads\/2021\/03\/Spade-Work-Logo_Full-logo_white.png","width":2634,"height":947,"caption":"SpadeWork"},"image":{"@id":"https:\/\/spadework.nopanicdesignandhosting.com\/#\/schema\/logo\/image\/"}}]}},"uagb_featured_image_src":{"full":false,"thumbnail":false,"medium":false,"medium_large":false,"large":false,"1536x1536":false,"2048x2048":false,"post-thumbnail":false,"twentytwenty-fullscreen":false},"uagb_author_info":{"display_name":"SpadeWork","author_link":"https:\/\/spadework.nopanicdesignandhosting.com\/es\/author\/jonathansafir\/"},"uagb_comment_info":0,"uagb_excerpt":"\u00bfQu\u00e9 es la Escuela de la Libertad? Como parte de SpadeWork, la Escuela de la Libertad presenta campa\u00f1as estrat\u00e9gicas clave que alteraron el curso de la historia, no como un ejercicio acad\u00e9mico, sino como una parte importante de la formaci\u00f3n de organizadores. SpadeWork sit\u00faa su linaje junto a la rica historia de las luchas por&hellip;","_links":{"self":[{"href":"https:\/\/spadework.nopanicdesignandhosting.com\/es\/wp-json\/wp\/v2\/pages\/1484","targetHints":{"allow":["GET"]}}],"collection":[{"href":"https:\/\/spadework.nopanicdesignandhosting.com\/es\/wp-json\/wp\/v2\/pages"}],"about":[{"href":"https:\/\/spadework.nopanicdesignandhosting.com\/es\/wp-json\/wp\/v2\/types\/page"}],"author":[{"embeddable":true,"href":"https:\/\/spadework.nopanicdesignandhosting.com\/es\/wp-json\/wp\/v2\/users\/1"}],"replies":[{"embeddable":true,"href":"https:\/\/spadework.nopanicdesignandhosting.com\/es\/wp-json\/wp\/v2\/comments?post=1484"}],"version-history":[{"count":0,"href":"https:\/\/spadework.nopanicdesignandhosting.com\/es\/wp-json\/wp\/v2\/pages\/1484\/revisions"}],"wp:attachment":[{"href":"https:\/\/spadework.nopanicdesignandhosting.com\/es\/wp-json\/wp\/v2\/media?parent=1484"}],"curies":[{"name":"wp","href":"https:\/\/api.w.org\/{rel}","templated":true}]}}