{"id":1284,"date":"2021-07-07T12:40:37","date_gmt":"2021-07-07T23:40:37","guid":{"rendered":"https:\/\/spadework.nopanicdesignandhosting.com\/?page_id=1284"},"modified":"2021-07-17T16:03:50","modified_gmt":"2021-07-18T03:03:50","slug":"sncc","status":"publish","type":"page","link":"https:\/\/spadework.nopanicdesignandhosting.com\/es\/sncc\/","title":{"rendered":"SNCC &amp; Freedom Summer (El Verano de Libertad)"},"content":{"rendered":"\n<h5 class=\"has-small-font-size wp-block-heading\">Sesi\u00f3n # 10<br\/>Fecha: 28 de junio de 2021<\/h5>\n\n<p><strong>Temas clave<\/strong> : construcci\u00f3n de infraestructura de base; desarrollo y organizaci\u00f3n del liderazgo; raza y arena electoral; organizar es trabajo de pala<\/p>\n<figure class=\"wp-block-embed is-type-video is-provider-youtube wp-block-embed-youtube wp-embed-aspect-16-9 wp-has-aspect-ratio\"><div class=\"wp-block-embed__wrapper\">\n<iframe title=\"Sesi\u00f3n #10 de Freedom School: SNCC y Freedom Summer\" width=\"580\" height=\"326\" src=\"https:\/\/www.youtube.com\/embed\/e1flf2bSx2Y?list=PL_G6YZXINqV7XqLJF12uiIH-YpHtHHTaQ\" frameborder=\"0\" allow=\"accelerometer; autoplay; clipboard-write; encrypted-media; gyroscope; picture-in-picture; web-share\" referrerpolicy=\"strict-origin-when-cross-origin\" allowfullscreen><\/iframe>\n<\/div><\/figure>\n\n<p>En marzo de 1964, la legendaria cantante Nina Simone interpret\u00f3 por primera vez su himno de protesta por los derechos civiles \u201cMississippi Goddamn\u201d. La canci\u00f3n dejaba en claro que, por m\u00e1s vicioso y racista que fuera el resto del sur de Estados Unidos en ese momento, no hab\u00eda lugar peor que Mississippi. <\/p>\n\n<p>Una joven estudiante de Spelman College llamada Gwen Robinson tambi\u00e9n estaba muy consciente de esa realidad, recordando muchas advertencias de su amada abuela de que nunca pusiera un pie en ese estado. Pero en contra de los deseos de su familia, Robinson tom\u00f3 valientemente la decisi\u00f3n de Spring para viajar a Mississippi y unirse a cientos de personas que participaron en la hist\u00f3rica campa\u00f1a Freedom Summer. <\/p>\n\n<p>Ahora conocida como Dra. Gwendolyn Zoharah Simmons, record\u00f3 lo emocionada que estaba de trabajar como maestra de Freedom School para el Comit\u00e9 Coordinador Estudiantil No Violento (SNCC). Pero despu\u00e9s de que fue asignada a Laurel, Mississippi, una fortaleza del Klan considerada demasiado peligrosa para enviar voluntarios blancos, la Dra. Simmons pronto se dio cuenta de que asumir\u00eda responsabilidades mucho mayores. Una de las pocas mujeres que se desempe\u00f1\u00f3 como directora de proyectos locales, su primera tarea fue encontrar personas locales que pudieran brindar apoyo y legitimidad. La primera puerta que llam\u00f3 la abri\u00f3 la se\u00f1ora Euberta Sphinks. <\/p>\n\n<blockquote class=\"wp-block-quote is-layout-flow wp-block-quote-is-layout-flow\"><p>\u201c\u00bfEres uno de ellos Freedom Riders?\u201d pregunt\u00f3 la Sra. Sphinks. <br\/>\u201cS\u00ed, se\u00f1ora.\u201d <br\/>\u201cBueno, entra\u201d, dijo. \u201cTe he estado esperando toda mi vida.\u201d <\/p><\/blockquote>\n\n<p>En muchos sentidos, la campa\u00f1a de SNCC ese verano fue una extensi\u00f3n del \u00abtrabajo preliminar\u00bb que la mentora del movimiento Ella Baker sugiri\u00f3 que la joven organizaci\u00f3n se dedicara. A diferencia de otras organizaciones de derechos civiles, SNCC se comprometi\u00f3 con la organizaci\u00f3n de base como una forma de construir bases de poder locales que desafiar\u00edan a los supremacistas blancos que gobernaban Mississippi y otros lugares. Y de muchas maneras, las relaciones como las que se establecieron entre los trabajadores de SNCC como el Dr. Simmons y los residentes locales como la Sra. Sphinks fueron fundamentales para esa estrategia. <\/p>\n\n<p>El Dr. Simmons y el historiador Charles Payne (autor del seminal Tengo la luz de la libertad) nos cautivaron con muchas historias y lecciones poderosas durante nuestra sesi\u00f3n final de Freedom School, record\u00e1ndonos c\u00f3mo \u00abla gente encontr\u00f3 lo mejor de s\u00ed misma en el movimiento\u00bb. Una contribuci\u00f3n real a la narraci\u00f3n de la historia del movimiento, fueron dos horas impresionantes y una culminaci\u00f3n perfecta para nuestra serie.<\/p>\n","protected":false},"excerpt":{"rendered":"<p>Sesi\u00f3n # 10Fecha: 28 de junio de 2021 Temas clave : construcci\u00f3n de infraestructura de base; desarrollo y organizaci\u00f3n del liderazgo; raza y arena electoral; organizar es trabajo de pala En marzo de 1964, la legendaria cantante Nina Simone interpret\u00f3 por primera vez su himno de protesta por los derechos civiles \u201cMississippi Goddamn\u201d. La canci\u00f3n [&hellip;]<\/p>\n","protected":false},"author":1,"featured_media":0,"parent":0,"menu_order":0,"comment_status":"open","ping_status":"closed","template":"","meta":{"_uag_custom_page_level_css":"","footnotes":""},"class_list":["post-1284","page","type-page","status-publish","hentry"],"yoast_head":"<!-- This site is optimized with the Yoast SEO plugin v22.4 - https:\/\/yoast.com\/wordpress\/plugins\/seo\/ -->\n<title>SNCC &amp; Freedom Summer (El Verano de Libertad) - SpadeWork<\/title>\n<meta name=\"robots\" content=\"noindex, follow, max-snippet:-1, max-image-preview:large, max-video-preview:-1\" \/>\n<meta property=\"og:locale\" content=\"es_ES\" \/>\n<meta property=\"og:type\" content=\"article\" \/>\n<meta property=\"og:title\" content=\"SNCC &amp; Freedom Summer (El Verano de Libertad) - SpadeWork\" \/>\n<meta property=\"og:description\" content=\"Sesi\u00f3n # 10Fecha: 28 de junio de 2021 Temas clave : construcci\u00f3n de infraestructura de base; desarrollo y organizaci\u00f3n del liderazgo; raza y arena electoral; organizar es trabajo de pala En marzo de 1964, la legendaria cantante Nina Simone interpret\u00f3 por primera vez su himno de protesta por los derechos civiles \u201cMississippi Goddamn\u201d. La canci\u00f3n [&hellip;]\" \/>\n<meta property=\"og:url\" content=\"https:\/\/spadework.nopanicdesignandhosting.com\/es\/sncc\/\" \/>\n<meta property=\"og:site_name\" content=\"SpadeWork\" \/>\n<meta property=\"article:modified_time\" content=\"2021-07-18T03:03:50+00:00\" \/>\n<meta name=\"twitter:card\" content=\"summary_large_image\" \/>\n<meta name=\"twitter:label1\" content=\"Tiempo de lectura\" \/>\n\t<meta name=\"twitter:data1\" content=\"2 minutos\" \/>\n<script type=\"application\/ld+json\" class=\"yoast-schema-graph\">{\"@context\":\"https:\/\/schema.org\",\"@graph\":[{\"@type\":\"WebPage\",\"@id\":\"https:\/\/spadework.nopanicdesignandhosting.com\/es\/sncc\/\",\"url\":\"https:\/\/spadework.nopanicdesignandhosting.com\/es\/sncc\/\",\"name\":\"SNCC &amp; Freedom Summer (El Verano de Libertad) - SpadeWork\",\"isPartOf\":{\"@id\":\"https:\/\/spadework.nopanicdesignandhosting.com\/#website\"},\"datePublished\":\"2021-07-07T23:40:37+00:00\",\"dateModified\":\"2021-07-18T03:03:50+00:00\",\"breadcrumb\":{\"@id\":\"https:\/\/spadework.nopanicdesignandhosting.com\/es\/sncc\/#breadcrumb\"},\"inLanguage\":\"es\",\"potentialAction\":[{\"@type\":\"ReadAction\",\"target\":[\"https:\/\/spadework.nopanicdesignandhosting.com\/es\/sncc\/\"]}]},{\"@type\":\"BreadcrumbList\",\"@id\":\"https:\/\/spadework.nopanicdesignandhosting.com\/es\/sncc\/#breadcrumb\",\"itemListElement\":[{\"@type\":\"ListItem\",\"position\":1,\"name\":\"Home\",\"item\":\"https:\/\/spadework.nopanicdesignandhosting.com\/es\/\"},{\"@type\":\"ListItem\",\"position\":2,\"name\":\"SNCC &amp; Freedom Summer (El Verano de Libertad)\"}]},{\"@type\":\"WebSite\",\"@id\":\"https:\/\/spadework.nopanicdesignandhosting.com\/#website\",\"url\":\"https:\/\/spadework.nopanicdesignandhosting.com\/\",\"name\":\"SpadeWork\",\"description\":\"Perfil de campa\u00f1as que doblaron el arco de la historia\",\"publisher\":{\"@id\":\"https:\/\/spadework.nopanicdesignandhosting.com\/#organization\"},\"potentialAction\":[{\"@type\":\"SearchAction\",\"target\":{\"@type\":\"EntryPoint\",\"urlTemplate\":\"https:\/\/spadework.nopanicdesignandhosting.com\/?s={search_term_string}\"},\"query-input\":\"required name=search_term_string\"}],\"inLanguage\":\"es\"},{\"@type\":\"Organization\",\"@id\":\"https:\/\/spadework.nopanicdesignandhosting.com\/#organization\",\"name\":\"SpadeWork\",\"url\":\"https:\/\/spadework.nopanicdesignandhosting.com\/\",\"logo\":{\"@type\":\"ImageObject\",\"inLanguage\":\"es\",\"@id\":\"https:\/\/spadework.nopanicdesignandhosting.com\/#\/schema\/logo\/image\/\",\"url\":\"https:\/\/spadework.nopanicdesignandhosting.com\/wp-content\/uploads\/2021\/03\/Spade-Work-Logo_Full-logo_white.png\",\"contentUrl\":\"https:\/\/spadework.nopanicdesignandhosting.com\/wp-content\/uploads\/2021\/03\/Spade-Work-Logo_Full-logo_white.png\",\"width\":2634,\"height\":947,\"caption\":\"SpadeWork\"},\"image\":{\"@id\":\"https:\/\/spadework.nopanicdesignandhosting.com\/#\/schema\/logo\/image\/\"}}]}<\/script>\n<!-- \/ Yoast SEO plugin. -->","yoast_head_json":{"title":"SNCC &amp; Freedom Summer (El Verano de Libertad) - SpadeWork","robots":{"index":"noindex","follow":"follow","max-snippet":"max-snippet:-1","max-image-preview":"max-image-preview:large","max-video-preview":"max-video-preview:-1"},"og_locale":"es_ES","og_type":"article","og_title":"SNCC &amp; Freedom Summer (El Verano de Libertad) - SpadeWork","og_description":"Sesi\u00f3n # 10Fecha: 28 de junio de 2021 Temas clave : construcci\u00f3n de infraestructura de base; desarrollo y organizaci\u00f3n del liderazgo; raza y arena electoral; organizar es trabajo de pala En marzo de 1964, la legendaria cantante Nina Simone interpret\u00f3 por primera vez su himno de protesta por los derechos civiles \u201cMississippi Goddamn\u201d. La canci\u00f3n [&hellip;]","og_url":"https:\/\/spadework.nopanicdesignandhosting.com\/es\/sncc\/","og_site_name":"SpadeWork","article_modified_time":"2021-07-18T03:03:50+00:00","twitter_card":"summary_large_image","twitter_misc":{"Tiempo de lectura":"2 minutos"},"schema":{"@context":"https:\/\/schema.org","@graph":[{"@type":"WebPage","@id":"https:\/\/spadework.nopanicdesignandhosting.com\/es\/sncc\/","url":"https:\/\/spadework.nopanicdesignandhosting.com\/es\/sncc\/","name":"SNCC &amp; Freedom Summer (El Verano de Libertad) - SpadeWork","isPartOf":{"@id":"https:\/\/spadework.nopanicdesignandhosting.com\/#website"},"datePublished":"2021-07-07T23:40:37+00:00","dateModified":"2021-07-18T03:03:50+00:00","breadcrumb":{"@id":"https:\/\/spadework.nopanicdesignandhosting.com\/es\/sncc\/#breadcrumb"},"inLanguage":"es","potentialAction":[{"@type":"ReadAction","target":["https:\/\/spadework.nopanicdesignandhosting.com\/es\/sncc\/"]}]},{"@type":"BreadcrumbList","@id":"https:\/\/spadework.nopanicdesignandhosting.com\/es\/sncc\/#breadcrumb","itemListElement":[{"@type":"ListItem","position":1,"name":"Home","item":"https:\/\/spadework.nopanicdesignandhosting.com\/es\/"},{"@type":"ListItem","position":2,"name":"SNCC &amp; Freedom Summer (El Verano de Libertad)"}]},{"@type":"WebSite","@id":"https:\/\/spadework.nopanicdesignandhosting.com\/#website","url":"https:\/\/spadework.nopanicdesignandhosting.com\/","name":"SpadeWork","description":"Perfil de campa\u00f1as que doblaron el arco de la historia","publisher":{"@id":"https:\/\/spadework.nopanicdesignandhosting.com\/#organization"},"potentialAction":[{"@type":"SearchAction","target":{"@type":"EntryPoint","urlTemplate":"https:\/\/spadework.nopanicdesignandhosting.com\/?s={search_term_string}"},"query-input":"required name=search_term_string"}],"inLanguage":"es"},{"@type":"Organization","@id":"https:\/\/spadework.nopanicdesignandhosting.com\/#organization","name":"SpadeWork","url":"https:\/\/spadework.nopanicdesignandhosting.com\/","logo":{"@type":"ImageObject","inLanguage":"es","@id":"https:\/\/spadework.nopanicdesignandhosting.com\/#\/schema\/logo\/image\/","url":"https:\/\/spadework.nopanicdesignandhosting.com\/wp-content\/uploads\/2021\/03\/Spade-Work-Logo_Full-logo_white.png","contentUrl":"https:\/\/spadework.nopanicdesignandhosting.com\/wp-content\/uploads\/2021\/03\/Spade-Work-Logo_Full-logo_white.png","width":2634,"height":947,"caption":"SpadeWork"},"image":{"@id":"https:\/\/spadework.nopanicdesignandhosting.com\/#\/schema\/logo\/image\/"}}]}},"uagb_featured_image_src":{"full":false,"thumbnail":false,"medium":false,"medium_large":false,"large":false,"1536x1536":false,"2048x2048":false,"post-thumbnail":false,"twentytwenty-fullscreen":false},"uagb_author_info":{"display_name":"SpadeWork","author_link":"https:\/\/spadework.nopanicdesignandhosting.com\/es\/author\/jonathansafir\/"},"uagb_comment_info":0,"uagb_excerpt":"Sesi\u00f3n # 10Fecha: 28 de junio de 2021 Temas clave : construcci\u00f3n de infraestructura de base; desarrollo y organizaci\u00f3n del liderazgo; raza y arena electoral; organizar es trabajo de pala En marzo de 1964, la legendaria cantante Nina Simone interpret\u00f3 por primera vez su himno de protesta por los derechos civiles \u201cMississippi Goddamn\u201d. La canci\u00f3n&hellip;","_links":{"self":[{"href":"https:\/\/spadework.nopanicdesignandhosting.com\/es\/wp-json\/wp\/v2\/pages\/1284","targetHints":{"allow":["GET"]}}],"collection":[{"href":"https:\/\/spadework.nopanicdesignandhosting.com\/es\/wp-json\/wp\/v2\/pages"}],"about":[{"href":"https:\/\/spadework.nopanicdesignandhosting.com\/es\/wp-json\/wp\/v2\/types\/page"}],"author":[{"embeddable":true,"href":"https:\/\/spadework.nopanicdesignandhosting.com\/es\/wp-json\/wp\/v2\/users\/1"}],"replies":[{"embeddable":true,"href":"https:\/\/spadework.nopanicdesignandhosting.com\/es\/wp-json\/wp\/v2\/comments?post=1284"}],"version-history":[{"count":0,"href":"https:\/\/spadework.nopanicdesignandhosting.com\/es\/wp-json\/wp\/v2\/pages\/1284\/revisions"}],"wp:attachment":[{"href":"https:\/\/spadework.nopanicdesignandhosting.com\/es\/wp-json\/wp\/v2\/media?parent=1284"}],"curies":[{"name":"wp","href":"https:\/\/api.w.org\/{rel}","templated":true}]}}