{"id":1280,"date":"2021-07-07T12:45:04","date_gmt":"2021-07-07T23:45:04","guid":{"rendered":"https:\/\/spadework.nopanicdesignandhosting.com\/?page_id=1280"},"modified":"2021-07-17T16:04:09","modified_gmt":"2021-07-18T03:04:09","slug":"lo-que-mantiene-al-organizador-despierto-por-la-noche","status":"publish","type":"page","link":"https:\/\/spadework.nopanicdesignandhosting.com\/es\/lo-que-mantiene-al-organizador-despierto-por-la-noche\/","title":{"rendered":"Lo Que Mantiene Despiertos a los Organizadores por la Noche"},"content":{"rendered":"\n<h5 class=\"has-small-font-size wp-block-heading\">Sesi\u00f3n # 9<br\/>Fecha: 21 de junio de 2021<\/h5>\n\n<p>La novena sesi\u00f3n de Freedom School aborda desaf\u00edos clave en la organizaci\u00f3n con una mesa redonda de organizadores nuevos y veteranos. <\/p>\n\n<p>Elegimos cuatro temas que han surgido repetidamente en las ocho sesiones anteriores de Freedom School: <br\/>\u2022 Organizarse en un Momento Populista Conservador<br\/>\u2022 Tensi\u00f3n entre el trabajo de ayuda mutua y la organizaci\u00f3n para el poder<br\/>\u2022 La importancia y los desaf\u00edos de centrar a las personas directamente afectadas en nuestra organizaci\u00f3n <br\/>\u2022 Autocuidado y organizaci\u00f3n<\/p>\n\n<figure class=\"wp-block-embed is-type-video is-provider-youtube wp-block-embed-youtube wp-embed-aspect-16-9 wp-has-aspect-ratio\"><div class=\"wp-block-embed__wrapper\">\n<iframe title=\"Sesi\u00f3n de Freedom School #9: Lo que mantiene despiertos a los organizadores por la noche\" width=\"580\" height=\"326\" src=\"https:\/\/www.youtube.com\/embed\/GBg_Xt08R7g?list=PL_G6YZXINqV7XqLJF12uiIH-YpHtHHTaQ\" frameborder=\"0\" allow=\"accelerometer; autoplay; clipboard-write; encrypted-media; gyroscope; picture-in-picture; web-share\" referrerpolicy=\"strict-origin-when-cross-origin\" allowfullscreen><\/iframe>\n<\/div><\/figure>\n","protected":false},"excerpt":{"rendered":"<p>Sesi\u00f3n # 9Fecha: 21 de junio de 2021 La novena sesi\u00f3n de Freedom School aborda desaf\u00edos clave en la organizaci\u00f3n con una mesa redonda de organizadores nuevos y veteranos. Elegimos cuatro temas que han surgido repetidamente en las ocho sesiones anteriores de Freedom School: \u2022 Organizarse en un Momento Populista Conservador\u2022 Tensi\u00f3n entre el trabajo [&hellip;]<\/p>\n","protected":false},"author":1,"featured_media":0,"parent":0,"menu_order":0,"comment_status":"open","ping_status":"closed","template":"","meta":{"_uag_custom_page_level_css":"","footnotes":""},"class_list":["post-1280","page","type-page","status-publish","hentry"],"yoast_head":"<!-- This site is optimized with the Yoast SEO plugin v22.4 - https:\/\/yoast.com\/wordpress\/plugins\/seo\/ -->\n<title>Lo Que Mantiene Despiertos a los Organizadores por la Noche - SpadeWork<\/title>\n<meta name=\"robots\" content=\"noindex, follow, max-snippet:-1, max-image-preview:large, max-video-preview:-1\" \/>\n<meta property=\"og:locale\" content=\"es_ES\" \/>\n<meta property=\"og:type\" content=\"article\" \/>\n<meta property=\"og:title\" content=\"Lo Que Mantiene Despiertos a los Organizadores por la Noche - SpadeWork\" \/>\n<meta property=\"og:description\" content=\"Sesi\u00f3n # 9Fecha: 21 de junio de 2021 La novena sesi\u00f3n de Freedom School aborda desaf\u00edos clave en la organizaci\u00f3n con una mesa redonda de organizadores nuevos y veteranos. Elegimos cuatro temas que han surgido repetidamente en las ocho sesiones anteriores de Freedom School: \u2022 Organizarse en un Momento Populista Conservador\u2022 Tensi\u00f3n entre el trabajo [&hellip;]\" \/>\n<meta property=\"og:url\" content=\"https:\/\/spadework.nopanicdesignandhosting.com\/es\/lo-que-mantiene-al-organizador-despierto-por-la-noche\/\" \/>\n<meta property=\"og:site_name\" content=\"SpadeWork\" \/>\n<meta property=\"article:modified_time\" content=\"2021-07-18T03:04:09+00:00\" \/>\n<meta name=\"twitter:card\" content=\"summary_large_image\" \/>\n<meta name=\"twitter:label1\" content=\"Tiempo de lectura\" \/>\n\t<meta name=\"twitter:data1\" content=\"1 minuto\" \/>\n<script type=\"application\/ld+json\" class=\"yoast-schema-graph\">{\"@context\":\"https:\/\/schema.org\",\"@graph\":[{\"@type\":\"WebPage\",\"@id\":\"https:\/\/spadework.nopanicdesignandhosting.com\/es\/lo-que-mantiene-al-organizador-despierto-por-la-noche\/\",\"url\":\"https:\/\/spadework.nopanicdesignandhosting.com\/es\/lo-que-mantiene-al-organizador-despierto-por-la-noche\/\",\"name\":\"Lo Que Mantiene Despiertos a los Organizadores por la Noche - SpadeWork\",\"isPartOf\":{\"@id\":\"https:\/\/spadework.nopanicdesignandhosting.com\/#website\"},\"datePublished\":\"2021-07-07T23:45:04+00:00\",\"dateModified\":\"2021-07-18T03:04:09+00:00\",\"breadcrumb\":{\"@id\":\"https:\/\/spadework.nopanicdesignandhosting.com\/es\/lo-que-mantiene-al-organizador-despierto-por-la-noche\/#breadcrumb\"},\"inLanguage\":\"es\",\"potentialAction\":[{\"@type\":\"ReadAction\",\"target\":[\"https:\/\/spadework.nopanicdesignandhosting.com\/es\/lo-que-mantiene-al-organizador-despierto-por-la-noche\/\"]}]},{\"@type\":\"BreadcrumbList\",\"@id\":\"https:\/\/spadework.nopanicdesignandhosting.com\/es\/lo-que-mantiene-al-organizador-despierto-por-la-noche\/#breadcrumb\",\"itemListElement\":[{\"@type\":\"ListItem\",\"position\":1,\"name\":\"Home\",\"item\":\"https:\/\/spadework.nopanicdesignandhosting.com\/es\/\"},{\"@type\":\"ListItem\",\"position\":2,\"name\":\"Lo Que Mantiene Despiertos a los Organizadores por la Noche\"}]},{\"@type\":\"WebSite\",\"@id\":\"https:\/\/spadework.nopanicdesignandhosting.com\/#website\",\"url\":\"https:\/\/spadework.nopanicdesignandhosting.com\/\",\"name\":\"SpadeWork\",\"description\":\"Perfil de campa\u00f1as que doblaron el arco de la historia\",\"publisher\":{\"@id\":\"https:\/\/spadework.nopanicdesignandhosting.com\/#organization\"},\"potentialAction\":[{\"@type\":\"SearchAction\",\"target\":{\"@type\":\"EntryPoint\",\"urlTemplate\":\"https:\/\/spadework.nopanicdesignandhosting.com\/?s={search_term_string}\"},\"query-input\":\"required name=search_term_string\"}],\"inLanguage\":\"es\"},{\"@type\":\"Organization\",\"@id\":\"https:\/\/spadework.nopanicdesignandhosting.com\/#organization\",\"name\":\"SpadeWork\",\"url\":\"https:\/\/spadework.nopanicdesignandhosting.com\/\",\"logo\":{\"@type\":\"ImageObject\",\"inLanguage\":\"es\",\"@id\":\"https:\/\/spadework.nopanicdesignandhosting.com\/#\/schema\/logo\/image\/\",\"url\":\"https:\/\/spadework.nopanicdesignandhosting.com\/wp-content\/uploads\/2021\/03\/Spade-Work-Logo_Full-logo_white.png\",\"contentUrl\":\"https:\/\/spadework.nopanicdesignandhosting.com\/wp-content\/uploads\/2021\/03\/Spade-Work-Logo_Full-logo_white.png\",\"width\":2634,\"height\":947,\"caption\":\"SpadeWork\"},\"image\":{\"@id\":\"https:\/\/spadework.nopanicdesignandhosting.com\/#\/schema\/logo\/image\/\"}}]}<\/script>\n<!-- \/ Yoast SEO plugin. -->","yoast_head_json":{"title":"Lo Que Mantiene Despiertos a los Organizadores por la Noche - SpadeWork","robots":{"index":"noindex","follow":"follow","max-snippet":"max-snippet:-1","max-image-preview":"max-image-preview:large","max-video-preview":"max-video-preview:-1"},"og_locale":"es_ES","og_type":"article","og_title":"Lo Que Mantiene Despiertos a los Organizadores por la Noche - SpadeWork","og_description":"Sesi\u00f3n # 9Fecha: 21 de junio de 2021 La novena sesi\u00f3n de Freedom School aborda desaf\u00edos clave en la organizaci\u00f3n con una mesa redonda de organizadores nuevos y veteranos. Elegimos cuatro temas que han surgido repetidamente en las ocho sesiones anteriores de Freedom School: \u2022 Organizarse en un Momento Populista Conservador\u2022 Tensi\u00f3n entre el trabajo [&hellip;]","og_url":"https:\/\/spadework.nopanicdesignandhosting.com\/es\/lo-que-mantiene-al-organizador-despierto-por-la-noche\/","og_site_name":"SpadeWork","article_modified_time":"2021-07-18T03:04:09+00:00","twitter_card":"summary_large_image","twitter_misc":{"Tiempo de lectura":"1 minuto"},"schema":{"@context":"https:\/\/schema.org","@graph":[{"@type":"WebPage","@id":"https:\/\/spadework.nopanicdesignandhosting.com\/es\/lo-que-mantiene-al-organizador-despierto-por-la-noche\/","url":"https:\/\/spadework.nopanicdesignandhosting.com\/es\/lo-que-mantiene-al-organizador-despierto-por-la-noche\/","name":"Lo Que Mantiene Despiertos a los Organizadores por la Noche - SpadeWork","isPartOf":{"@id":"https:\/\/spadework.nopanicdesignandhosting.com\/#website"},"datePublished":"2021-07-07T23:45:04+00:00","dateModified":"2021-07-18T03:04:09+00:00","breadcrumb":{"@id":"https:\/\/spadework.nopanicdesignandhosting.com\/es\/lo-que-mantiene-al-organizador-despierto-por-la-noche\/#breadcrumb"},"inLanguage":"es","potentialAction":[{"@type":"ReadAction","target":["https:\/\/spadework.nopanicdesignandhosting.com\/es\/lo-que-mantiene-al-organizador-despierto-por-la-noche\/"]}]},{"@type":"BreadcrumbList","@id":"https:\/\/spadework.nopanicdesignandhosting.com\/es\/lo-que-mantiene-al-organizador-despierto-por-la-noche\/#breadcrumb","itemListElement":[{"@type":"ListItem","position":1,"name":"Home","item":"https:\/\/spadework.nopanicdesignandhosting.com\/es\/"},{"@type":"ListItem","position":2,"name":"Lo Que Mantiene Despiertos a los Organizadores por la Noche"}]},{"@type":"WebSite","@id":"https:\/\/spadework.nopanicdesignandhosting.com\/#website","url":"https:\/\/spadework.nopanicdesignandhosting.com\/","name":"SpadeWork","description":"Perfil de campa\u00f1as que doblaron el arco de la historia","publisher":{"@id":"https:\/\/spadework.nopanicdesignandhosting.com\/#organization"},"potentialAction":[{"@type":"SearchAction","target":{"@type":"EntryPoint","urlTemplate":"https:\/\/spadework.nopanicdesignandhosting.com\/?s={search_term_string}"},"query-input":"required name=search_term_string"}],"inLanguage":"es"},{"@type":"Organization","@id":"https:\/\/spadework.nopanicdesignandhosting.com\/#organization","name":"SpadeWork","url":"https:\/\/spadework.nopanicdesignandhosting.com\/","logo":{"@type":"ImageObject","inLanguage":"es","@id":"https:\/\/spadework.nopanicdesignandhosting.com\/#\/schema\/logo\/image\/","url":"https:\/\/spadework.nopanicdesignandhosting.com\/wp-content\/uploads\/2021\/03\/Spade-Work-Logo_Full-logo_white.png","contentUrl":"https:\/\/spadework.nopanicdesignandhosting.com\/wp-content\/uploads\/2021\/03\/Spade-Work-Logo_Full-logo_white.png","width":2634,"height":947,"caption":"SpadeWork"},"image":{"@id":"https:\/\/spadework.nopanicdesignandhosting.com\/#\/schema\/logo\/image\/"}}]}},"uagb_featured_image_src":{"full":false,"thumbnail":false,"medium":false,"medium_large":false,"large":false,"1536x1536":false,"2048x2048":false,"post-thumbnail":false,"twentytwenty-fullscreen":false},"uagb_author_info":{"display_name":"SpadeWork","author_link":"https:\/\/spadework.nopanicdesignandhosting.com\/es\/author\/jonathansafir\/"},"uagb_comment_info":10,"uagb_excerpt":"Sesi\u00f3n # 9Fecha: 21 de junio de 2021 La novena sesi\u00f3n de Freedom School aborda desaf\u00edos clave en la organizaci\u00f3n con una mesa redonda de organizadores nuevos y veteranos. Elegimos cuatro temas que han surgido repetidamente en las ocho sesiones anteriores de Freedom School: \u2022 Organizarse en un Momento Populista Conservador\u2022 Tensi\u00f3n entre el trabajo&hellip;","_links":{"self":[{"href":"https:\/\/spadework.nopanicdesignandhosting.com\/es\/wp-json\/wp\/v2\/pages\/1280","targetHints":{"allow":["GET"]}}],"collection":[{"href":"https:\/\/spadework.nopanicdesignandhosting.com\/es\/wp-json\/wp\/v2\/pages"}],"about":[{"href":"https:\/\/spadework.nopanicdesignandhosting.com\/es\/wp-json\/wp\/v2\/types\/page"}],"author":[{"embeddable":true,"href":"https:\/\/spadework.nopanicdesignandhosting.com\/es\/wp-json\/wp\/v2\/users\/1"}],"replies":[{"embeddable":true,"href":"https:\/\/spadework.nopanicdesignandhosting.com\/es\/wp-json\/wp\/v2\/comments?post=1280"}],"version-history":[{"count":0,"href":"https:\/\/spadework.nopanicdesignandhosting.com\/es\/wp-json\/wp\/v2\/pages\/1280\/revisions"}],"wp:attachment":[{"href":"https:\/\/spadework.nopanicdesignandhosting.com\/es\/wp-json\/wp\/v2\/media?parent=1280"}],"curies":[{"name":"wp","href":"https:\/\/api.w.org\/{rel}","templated":true}]}}