{"id":1247,"date":"2021-06-24T15:45:37","date_gmt":"2021-06-25T02:45:37","guid":{"rendered":"https:\/\/spadework.nopanicdesignandhosting.com\/?page_id=1247"},"modified":"2021-07-17T16:04:32","modified_gmt":"2021-07-18T03:04:32","slug":"trabajadores-agricolas-unidos","status":"publish","type":"page","link":"https:\/\/spadework.nopanicdesignandhosting.com\/es\/trabajadores-agricolas-unidos\/","title":{"rendered":"Trabajadores Agr\u00edcolas Unidos"},"content":{"rendered":"\n<h5 class=\"has-small-font-size wp-block-heading\">Sesi\u00f3n # 8<br\/>Fecha: 14 de junio de 2021<\/h5>\n\n<p><strong>Temas clave<\/strong> : organizaci\u00f3n de circunscripciones secundarias; movimiento laboral; t\u00e1cticas creativas; raza, cultura e identidad<\/p>\n\n<p><strong>Presentador<\/strong> s: Alfredo DeAvila, organizador del boicot de la UFW y trabaj\u00f3 en el Sindicato de Trabajadores Agr\u00edcolas de Texas; Andrea O&#8217;Malley y Carlos Munoz, Boicot de la UFW en Boston<\/p>\n<figure class=\"wp-block-embed is-type-video is-provider-youtube wp-block-embed-youtube wp-embed-aspect-16-9 wp-has-aspect-ratio\"><div class=\"wp-block-embed__wrapper\">\n<iframe title=\"Sesi\u00f3n #8 de Freedom School: Trabajadores Agr\u00edcolas Unidos\" width=\"580\" height=\"326\" src=\"https:\/\/www.youtube.com\/embed\/oDWq8v-9p9M?list=PL_G6YZXINqV7XqLJF12uiIH-YpHtHHTaQ\" frameborder=\"0\" allow=\"accelerometer; autoplay; clipboard-write; encrypted-media; gyroscope; picture-in-picture; web-share\" referrerpolicy=\"strict-origin-when-cross-origin\" allowfullscreen><\/iframe>\n<\/div><\/figure>\n\n<p>Los esfuerzos para organizar a los trabajadores agr\u00edcolas blancos se remontan a la d\u00e9cada de 1930. En a\u00f1os posteriores, estos esfuerzos de organizaci\u00f3n incluyeron a trabajadores filipinos, japoneses y mexicanos. En la d\u00e9cada de 1960 hubo esfuerzos exitosos que demostraron la efectividad de las huelgas para impulsar a los trabajadores y obtener ganancias materiales para los trabajadores agr\u00edcolas. <\/p>\n\n<p>La campa\u00f1a Grape Boycott de la UFW fue una campa\u00f1a que se bas\u00f3 en esas experiencias y las llev\u00f3 m\u00e1s all\u00e1. La campa\u00f1a Grape Boycott es una historia sobre la pura fuerza de voluntad de personas comprometidas con la dignidad y el trato justo. Arroj\u00f3 luz sobre la dif\u00edcil situaci\u00f3n de los trabajadores agr\u00edcolas y se convirti\u00f3 en un movimiento nacional que ejemplific\u00f3 c\u00f3mo la organizaci\u00f3n hace posible lo imposible. Entre las lecciones que seguimos extrayendo de la campa\u00f1a Grape Boycott est\u00e1 la lecci\u00f3n sobre la irreverencia. Los esfuerzos anteriores para organizar a los trabajadores agr\u00edcolas no tuvieron \u00e9xito en parte porque las protecciones de la Junta Nacional de Relaciones Laborales (NLRB) no inclu\u00edan a los trabajadores agr\u00edcolas. Ir\u00f3nicamente, fue la prohibici\u00f3n de la NLRB de los boicots de huelga secundaria (en este caso, los mercados que venden productos boicoteados) y su incapacidad para hacer cumplir eso entre los trabajadores agr\u00edcolas que result\u00f3 ser una \u201cfisura\u201d lo que finalmente llev\u00f3 a la victoria de la UFW. La capacidad de la UFW para apuntar a las tiendas, grandes y peque\u00f1as, se convirti\u00f3 en el pu\u00f1o que abri\u00f3 de par en par esa fisura y convirti\u00f3 lo que habr\u00eda sido una disputa laboral en un movimiento por los derechos civiles. <\/p>\n\n<p>Otra lecci\u00f3n en el coraz\u00f3n de la campa\u00f1a fue la simple creencia de que organizar se trata de crear relaciones y dejar que las personas se muestren como ellas mismas, as\u00ed como de construir una comunidad y organizaci\u00f3n en torno a una lucha: la camarader\u00eda y la solidaridad son vitales para organizar, como siempre lo es. desarrollar liderazgo y compromiso.<\/p>\n\n<p>Alfredo De Avila nos recuerda: <\/p>\n\n<blockquote class=\"wp-block-quote is-layout-flow wp-block-quote-is-layout-flow\"><p>\u201cLos movimientos tienen que ver con las personas y con el todo. No podemos construir una base en una comunidad y cambiar la situaci\u00f3n solo con el valor de las t\u00e1cticas. Tiene que ser la forma en que desarrollamos nuestra base y miembros para que se pongan de pie y protesten por las cosas que ganaron para asegurarnos de que sean impactados para siempre, porque si no, podemos perderlos con la misma facilidad.\u201d<\/p><\/blockquote>\n","protected":false},"excerpt":{"rendered":"<p>Sesi\u00f3n # 8Fecha: 14 de junio de 2021 Temas clave : organizaci\u00f3n de circunscripciones secundarias; movimiento laboral; t\u00e1cticas creativas; raza, cultura e identidad Presentador s: Alfredo DeAvila, organizador del boicot de la UFW y trabaj\u00f3 en el Sindicato de Trabajadores Agr\u00edcolas de Texas; Andrea O&#8217;Malley y Carlos Munoz, Boicot de la UFW en Boston Los [&hellip;]<\/p>\n","protected":false},"author":1,"featured_media":0,"parent":0,"menu_order":0,"comment_status":"open","ping_status":"closed","template":"","meta":{"_uag_custom_page_level_css":"","footnotes":""},"class_list":["post-1247","page","type-page","status-publish","hentry"],"yoast_head":"<!-- This site is optimized with the Yoast SEO plugin v22.4 - https:\/\/yoast.com\/wordpress\/plugins\/seo\/ -->\n<title>Trabajadores Agr\u00edcolas Unidos - SpadeWork<\/title>\n<meta name=\"robots\" content=\"noindex, follow, max-snippet:-1, max-image-preview:large, max-video-preview:-1\" \/>\n<meta property=\"og:locale\" content=\"es_ES\" \/>\n<meta property=\"og:type\" content=\"article\" \/>\n<meta property=\"og:title\" content=\"Trabajadores Agr\u00edcolas Unidos - SpadeWork\" \/>\n<meta property=\"og:description\" content=\"Sesi\u00f3n # 8Fecha: 14 de junio de 2021 Temas clave : organizaci\u00f3n de circunscripciones secundarias; movimiento laboral; t\u00e1cticas creativas; raza, cultura e identidad Presentador s: Alfredo DeAvila, organizador del boicot de la UFW y trabaj\u00f3 en el Sindicato de Trabajadores Agr\u00edcolas de Texas; Andrea O&#8217;Malley y Carlos Munoz, Boicot de la UFW en Boston Los [&hellip;]\" \/>\n<meta property=\"og:url\" content=\"https:\/\/spadework.nopanicdesignandhosting.com\/es\/trabajadores-agricolas-unidos\/\" \/>\n<meta property=\"og:site_name\" content=\"SpadeWork\" \/>\n<meta property=\"article:modified_time\" content=\"2021-07-18T03:04:32+00:00\" \/>\n<meta name=\"twitter:card\" content=\"summary_large_image\" \/>\n<meta name=\"twitter:label1\" content=\"Tiempo de lectura\" \/>\n\t<meta name=\"twitter:data1\" content=\"3 minutos\" \/>\n<script type=\"application\/ld+json\" class=\"yoast-schema-graph\">{\"@context\":\"https:\/\/schema.org\",\"@graph\":[{\"@type\":\"WebPage\",\"@id\":\"https:\/\/spadework.nopanicdesignandhosting.com\/es\/trabajadores-agricolas-unidos\/\",\"url\":\"https:\/\/spadework.nopanicdesignandhosting.com\/es\/trabajadores-agricolas-unidos\/\",\"name\":\"Trabajadores Agr\u00edcolas Unidos - SpadeWork\",\"isPartOf\":{\"@id\":\"https:\/\/spadework.nopanicdesignandhosting.com\/#website\"},\"datePublished\":\"2021-06-25T02:45:37+00:00\",\"dateModified\":\"2021-07-18T03:04:32+00:00\",\"breadcrumb\":{\"@id\":\"https:\/\/spadework.nopanicdesignandhosting.com\/es\/trabajadores-agricolas-unidos\/#breadcrumb\"},\"inLanguage\":\"es\",\"potentialAction\":[{\"@type\":\"ReadAction\",\"target\":[\"https:\/\/spadework.nopanicdesignandhosting.com\/es\/trabajadores-agricolas-unidos\/\"]}]},{\"@type\":\"BreadcrumbList\",\"@id\":\"https:\/\/spadework.nopanicdesignandhosting.com\/es\/trabajadores-agricolas-unidos\/#breadcrumb\",\"itemListElement\":[{\"@type\":\"ListItem\",\"position\":1,\"name\":\"Home\",\"item\":\"https:\/\/spadework.nopanicdesignandhosting.com\/es\/\"},{\"@type\":\"ListItem\",\"position\":2,\"name\":\"Trabajadores Agr\u00edcolas Unidos\"}]},{\"@type\":\"WebSite\",\"@id\":\"https:\/\/spadework.nopanicdesignandhosting.com\/#website\",\"url\":\"https:\/\/spadework.nopanicdesignandhosting.com\/\",\"name\":\"SpadeWork\",\"description\":\"Perfil de campa\u00f1as que doblaron el arco de la historia\",\"publisher\":{\"@id\":\"https:\/\/spadework.nopanicdesignandhosting.com\/#organization\"},\"potentialAction\":[{\"@type\":\"SearchAction\",\"target\":{\"@type\":\"EntryPoint\",\"urlTemplate\":\"https:\/\/spadework.nopanicdesignandhosting.com\/?s={search_term_string}\"},\"query-input\":\"required name=search_term_string\"}],\"inLanguage\":\"es\"},{\"@type\":\"Organization\",\"@id\":\"https:\/\/spadework.nopanicdesignandhosting.com\/#organization\",\"name\":\"SpadeWork\",\"url\":\"https:\/\/spadework.nopanicdesignandhosting.com\/\",\"logo\":{\"@type\":\"ImageObject\",\"inLanguage\":\"es\",\"@id\":\"https:\/\/spadework.nopanicdesignandhosting.com\/#\/schema\/logo\/image\/\",\"url\":\"https:\/\/spadework.nopanicdesignandhosting.com\/wp-content\/uploads\/2021\/03\/Spade-Work-Logo_Full-logo_white.png\",\"contentUrl\":\"https:\/\/spadework.nopanicdesignandhosting.com\/wp-content\/uploads\/2021\/03\/Spade-Work-Logo_Full-logo_white.png\",\"width\":2634,\"height\":947,\"caption\":\"SpadeWork\"},\"image\":{\"@id\":\"https:\/\/spadework.nopanicdesignandhosting.com\/#\/schema\/logo\/image\/\"}}]}<\/script>\n<!-- \/ Yoast SEO plugin. -->","yoast_head_json":{"title":"Trabajadores Agr\u00edcolas Unidos - SpadeWork","robots":{"index":"noindex","follow":"follow","max-snippet":"max-snippet:-1","max-image-preview":"max-image-preview:large","max-video-preview":"max-video-preview:-1"},"og_locale":"es_ES","og_type":"article","og_title":"Trabajadores Agr\u00edcolas Unidos - SpadeWork","og_description":"Sesi\u00f3n # 8Fecha: 14 de junio de 2021 Temas clave : organizaci\u00f3n de circunscripciones secundarias; movimiento laboral; t\u00e1cticas creativas; raza, cultura e identidad Presentador s: Alfredo DeAvila, organizador del boicot de la UFW y trabaj\u00f3 en el Sindicato de Trabajadores Agr\u00edcolas de Texas; Andrea O&#8217;Malley y Carlos Munoz, Boicot de la UFW en Boston Los [&hellip;]","og_url":"https:\/\/spadework.nopanicdesignandhosting.com\/es\/trabajadores-agricolas-unidos\/","og_site_name":"SpadeWork","article_modified_time":"2021-07-18T03:04:32+00:00","twitter_card":"summary_large_image","twitter_misc":{"Tiempo de lectura":"3 minutos"},"schema":{"@context":"https:\/\/schema.org","@graph":[{"@type":"WebPage","@id":"https:\/\/spadework.nopanicdesignandhosting.com\/es\/trabajadores-agricolas-unidos\/","url":"https:\/\/spadework.nopanicdesignandhosting.com\/es\/trabajadores-agricolas-unidos\/","name":"Trabajadores Agr\u00edcolas Unidos - SpadeWork","isPartOf":{"@id":"https:\/\/spadework.nopanicdesignandhosting.com\/#website"},"datePublished":"2021-06-25T02:45:37+00:00","dateModified":"2021-07-18T03:04:32+00:00","breadcrumb":{"@id":"https:\/\/spadework.nopanicdesignandhosting.com\/es\/trabajadores-agricolas-unidos\/#breadcrumb"},"inLanguage":"es","potentialAction":[{"@type":"ReadAction","target":["https:\/\/spadework.nopanicdesignandhosting.com\/es\/trabajadores-agricolas-unidos\/"]}]},{"@type":"BreadcrumbList","@id":"https:\/\/spadework.nopanicdesignandhosting.com\/es\/trabajadores-agricolas-unidos\/#breadcrumb","itemListElement":[{"@type":"ListItem","position":1,"name":"Home","item":"https:\/\/spadework.nopanicdesignandhosting.com\/es\/"},{"@type":"ListItem","position":2,"name":"Trabajadores Agr\u00edcolas Unidos"}]},{"@type":"WebSite","@id":"https:\/\/spadework.nopanicdesignandhosting.com\/#website","url":"https:\/\/spadework.nopanicdesignandhosting.com\/","name":"SpadeWork","description":"Perfil de campa\u00f1as que doblaron el arco de la historia","publisher":{"@id":"https:\/\/spadework.nopanicdesignandhosting.com\/#organization"},"potentialAction":[{"@type":"SearchAction","target":{"@type":"EntryPoint","urlTemplate":"https:\/\/spadework.nopanicdesignandhosting.com\/?s={search_term_string}"},"query-input":"required name=search_term_string"}],"inLanguage":"es"},{"@type":"Organization","@id":"https:\/\/spadework.nopanicdesignandhosting.com\/#organization","name":"SpadeWork","url":"https:\/\/spadework.nopanicdesignandhosting.com\/","logo":{"@type":"ImageObject","inLanguage":"es","@id":"https:\/\/spadework.nopanicdesignandhosting.com\/#\/schema\/logo\/image\/","url":"https:\/\/spadework.nopanicdesignandhosting.com\/wp-content\/uploads\/2021\/03\/Spade-Work-Logo_Full-logo_white.png","contentUrl":"https:\/\/spadework.nopanicdesignandhosting.com\/wp-content\/uploads\/2021\/03\/Spade-Work-Logo_Full-logo_white.png","width":2634,"height":947,"caption":"SpadeWork"},"image":{"@id":"https:\/\/spadework.nopanicdesignandhosting.com\/#\/schema\/logo\/image\/"}}]}},"uagb_featured_image_src":{"full":false,"thumbnail":false,"medium":false,"medium_large":false,"large":false,"1536x1536":false,"2048x2048":false,"post-thumbnail":false,"twentytwenty-fullscreen":false},"uagb_author_info":{"display_name":"SpadeWork","author_link":"https:\/\/spadework.nopanicdesignandhosting.com\/es\/author\/jonathansafir\/"},"uagb_comment_info":1,"uagb_excerpt":"Sesi\u00f3n # 8Fecha: 14 de junio de 2021 Temas clave : organizaci\u00f3n de circunscripciones secundarias; movimiento laboral; t\u00e1cticas creativas; raza, cultura e identidad Presentador s: Alfredo DeAvila, organizador del boicot de la UFW y trabaj\u00f3 en el Sindicato de Trabajadores Agr\u00edcolas de Texas; Andrea O&#8217;Malley y Carlos Munoz, Boicot de la UFW en Boston Los&hellip;","_links":{"self":[{"href":"https:\/\/spadework.nopanicdesignandhosting.com\/es\/wp-json\/wp\/v2\/pages\/1247","targetHints":{"allow":["GET"]}}],"collection":[{"href":"https:\/\/spadework.nopanicdesignandhosting.com\/es\/wp-json\/wp\/v2\/pages"}],"about":[{"href":"https:\/\/spadework.nopanicdesignandhosting.com\/es\/wp-json\/wp\/v2\/types\/page"}],"author":[{"embeddable":true,"href":"https:\/\/spadework.nopanicdesignandhosting.com\/es\/wp-json\/wp\/v2\/users\/1"}],"replies":[{"embeddable":true,"href":"https:\/\/spadework.nopanicdesignandhosting.com\/es\/wp-json\/wp\/v2\/comments?post=1247"}],"version-history":[{"count":0,"href":"https:\/\/spadework.nopanicdesignandhosting.com\/es\/wp-json\/wp\/v2\/pages\/1247\/revisions"}],"wp:attachment":[{"href":"https:\/\/spadework.nopanicdesignandhosting.com\/es\/wp-json\/wp\/v2\/media?parent=1247"}],"curies":[{"name":"wp","href":"https:\/\/api.w.org\/{rel}","templated":true}]}}