{"id":1217,"date":"2021-06-17T17:07:34","date_gmt":"2021-06-18T04:07:34","guid":{"rendered":"https:\/\/spadework.nopanicdesignandhosting.com\/?page_id=1217"},"modified":"2021-07-17T16:04:48","modified_gmt":"2021-07-18T03:04:48","slug":"organizacion-comunitaria-en-ecuador","status":"publish","type":"page","link":"https:\/\/spadework.nopanicdesignandhosting.com\/es\/organizacion-comunitaria-en-ecuador\/","title":{"rendered":"Organizaci\u00f3n Comunitaria en Ecuador"},"content":{"rendered":"\n<h5 class=\"has-small-font-size wp-block-heading\">Sesi\u00f3n # 7<br\/>Fecha: 7 de junio de 2021<\/h5>\n\n<p><strong>Temas clave<\/strong> : Privatizaci\u00f3n de servicios p\u00fablicos; organizar las comunidades urbanas pobres; integraci\u00f3n de servicios, trabajo cultural, promoci\u00f3n de pol\u00edticas y organizaci\u00f3n de base.<\/p>\n\n<p><strong>Presentador<\/strong> : Cesar Ramirez, Director Ejecutivo, Observatorio Cuidadano de Servicios P\u00fablicos, Guayaquil, Ecuador.<\/p>\n<figure class=\"wp-block-embed is-type-video is-provider-youtube wp-block-embed-youtube wp-embed-aspect-16-9 wp-has-aspect-ratio\"><div class=\"wp-block-embed__wrapper\">\n<iframe title=\"Sesi\u00f3n # 7 de Freedom School: Organizaci\u00f3n comunitaria en Ecuador\" width=\"580\" height=\"326\" src=\"https:\/\/www.youtube.com\/embed\/HGeqQa8pyTs?list=PL_G6YZXINqV7XqLJF12uiIH-YpHtHHTaQ\" frameborder=\"0\" allow=\"accelerometer; autoplay; clipboard-write; encrypted-media; gyroscope; picture-in-picture; web-share\" referrerpolicy=\"strict-origin-when-cross-origin\" allowfullscreen><\/iframe>\n<\/div><\/figure>\n\n<p>En su estudio de la tradici\u00f3n organizativa en el Comit\u00e9 Coordinador Estudiantil No Violento, el historiador Charles Payne escribi\u00f3 sobre la organizaci\u00f3n como un \u00abtrabajo lento y respetuoso\u00bb. Cit\u00f3 al legendario l\u00edder del SNCC, Bob Moses, a quien una vez le preguntaron c\u00f3mo pudo construir tantas relaciones significativas con los miembros de la comunidad. <\/p>\n\n<blockquote class=\"wp-block-quote is-layout-flow wp-block-quote-is-layout-flow\"><p>\u201cHaciendo rebotar una pelota,\u201d respondi\u00f3 en voz baja. <br\/>\u201c\u00bfQu\u00e9?\u201d <br\/>\u201cTe paras en una calle y lanzas una pelota. Pronto todos los ni\u00f1os se acercan. Sigues haciendo botar la pelota. En poco tiempo, pasa por debajo del porche de alguien y luego te encuentras con los adultos.\u201d <\/p><\/blockquote>\n\n<p>Pensamos en Bob Moses esta semana mientras escuch\u00e1bamos a C\u00e9sar C\u00e1rdenas Ram\u00edrez, el fundador de una organizaci\u00f3n de base local en el barrio Guasmo de Guayacil, Ecuador, llamado Movimiento Mi Cometa (el Movimiento Mi Cometa). Cesar nos record\u00f3 que el desarrollo de l\u00edderes locales ocurre con la construcci\u00f3n aut\u00e9ntica de relaciones. Y, de hecho, Mi Cometa se origina con el m\u00e1s humilde de los comienzos: C\u00e9sar cont\u00f3 la historia de c\u00f3mo crear un espacio para que los ni\u00f1os del vecindario construyeran cometas y, en el proceso, los j\u00f3venes compartir\u00edan con C\u00e9sar y otros trabajadores comunitarios sobre los desaf\u00edos que estaban teniendo. en sus hogares. Esto impuls\u00f3 a C\u00e9sar a ir a encontrarse con sus familias y ver c\u00f3mo pod\u00eda ayudar. Comenz\u00f3 encontrando formas de ofrecer apoyo a una familia a la vez, \u201cy luego se trat\u00f3 de los baches y la reparaci\u00f3n de las carreteras. Esto lo hicimos con la comunidad. <\/p>\n\n<p>Finalmente, este esfuerzo nos posicion\u00f3 para realizar una protesta en el ayuntamiento y nos encadenamos a postes de luz alrededor del edificio \u201d. El gobierno local llam\u00f3 a la polic\u00eda. \u201cNos lanzaron gases lacrim\u00f3genos. Nos golpearon con porras. Y nos encarcelaron. Pero a pesar de lo doloroso que fue esto, permiti\u00f3 que la gente realmente entendiera que nuestros problemas en el Guasmo podr\u00edan no ser solo por los baches. Y nuestros problemas no solo se refer\u00edan a nuestra zona. Empezamos a hacer conexiones con otros barrios similares. Los visitamos, celebramos reuniones y tratamos de descubrir c\u00f3mo unirnos. Y despu\u00e9s de que formamos Mi Cometa, establecimos ciertos plazos para mejorar las cosas para la comunidad \u00ab. <\/p>\n\n<p>Uno de esos objetivos inclu\u00eda c\u00f3mo lograr que las personas finalmente tengan acceso a agua potable. Nuestra comunidad segu\u00eda haciendo las mismas preguntas que se hac\u00edan en otros lugares como nosotros: \u00bfPor qu\u00e9 no tenemos acceso a un suministro de agua adecuado? Hicimos nuestra investigaci\u00f3n y nos enteramos de la privatizaci\u00f3n del agua bajo el contrato de Bechtel. Esto realmente ampli\u00f3 nuestros objetivos. <\/p>\n\n<p>La lecci\u00f3n que C\u00e9sar estaba transmitiendo es que cuando \u00e9l y otros comenzaron a ofrecer apoyo, se dieron cuenta de que ten\u00eda sentido construir una organizaci\u00f3n permanente, que pudiera abordar los problemas m\u00e1s locales, pero tambi\u00e9n ofrecer a las personas formas de conectarse con lo que se estaba convirtiendo en una organizaci\u00f3n nacional m\u00e1s amplia. resistencia.<\/p>\n","protected":false},"excerpt":{"rendered":"<p>Sesi\u00f3n # 7Fecha: 7 de junio de 2021 Temas clave : Privatizaci\u00f3n de servicios p\u00fablicos; organizar las comunidades urbanas pobres; integraci\u00f3n de servicios, trabajo cultural, promoci\u00f3n de pol\u00edticas y organizaci\u00f3n de base. Presentador : Cesar Ramirez, Director Ejecutivo, Observatorio Cuidadano de Servicios P\u00fablicos, Guayaquil, Ecuador. En su estudio de la tradici\u00f3n organizativa en el Comit\u00e9 [&hellip;]<\/p>\n","protected":false},"author":1,"featured_media":0,"parent":0,"menu_order":0,"comment_status":"open","ping_status":"closed","template":"","meta":{"_uag_custom_page_level_css":"","footnotes":""},"class_list":["post-1217","page","type-page","status-publish","hentry"],"yoast_head":"<!-- This site is optimized with the Yoast SEO plugin v22.4 - https:\/\/yoast.com\/wordpress\/plugins\/seo\/ -->\n<title>Organizaci\u00f3n Comunitaria en Ecuador - SpadeWork<\/title>\n<meta name=\"robots\" content=\"noindex, follow, max-snippet:-1, max-image-preview:large, max-video-preview:-1\" \/>\n<meta property=\"og:locale\" content=\"es_ES\" \/>\n<meta property=\"og:type\" content=\"article\" \/>\n<meta property=\"og:title\" content=\"Organizaci\u00f3n Comunitaria en Ecuador - SpadeWork\" \/>\n<meta property=\"og:description\" content=\"Sesi\u00f3n # 7Fecha: 7 de junio de 2021 Temas clave : Privatizaci\u00f3n de servicios p\u00fablicos; organizar las comunidades urbanas pobres; integraci\u00f3n de servicios, trabajo cultural, promoci\u00f3n de pol\u00edticas y organizaci\u00f3n de base. Presentador : Cesar Ramirez, Director Ejecutivo, Observatorio Cuidadano de Servicios P\u00fablicos, Guayaquil, Ecuador. En su estudio de la tradici\u00f3n organizativa en el Comit\u00e9 [&hellip;]\" \/>\n<meta property=\"og:url\" content=\"https:\/\/spadework.nopanicdesignandhosting.com\/es\/organizacion-comunitaria-en-ecuador\/\" \/>\n<meta property=\"og:site_name\" content=\"SpadeWork\" \/>\n<meta property=\"article:modified_time\" content=\"2021-07-18T03:04:48+00:00\" \/>\n<meta name=\"twitter:card\" content=\"summary_large_image\" \/>\n<meta name=\"twitter:label1\" content=\"Tiempo de lectura\" \/>\n\t<meta name=\"twitter:data1\" content=\"3 minutos\" \/>\n<script type=\"application\/ld+json\" class=\"yoast-schema-graph\">{\"@context\":\"https:\/\/schema.org\",\"@graph\":[{\"@type\":\"WebPage\",\"@id\":\"https:\/\/spadework.nopanicdesignandhosting.com\/es\/organizacion-comunitaria-en-ecuador\/\",\"url\":\"https:\/\/spadework.nopanicdesignandhosting.com\/es\/organizacion-comunitaria-en-ecuador\/\",\"name\":\"Organizaci\u00f3n Comunitaria en Ecuador - SpadeWork\",\"isPartOf\":{\"@id\":\"https:\/\/spadework.nopanicdesignandhosting.com\/#website\"},\"datePublished\":\"2021-06-18T04:07:34+00:00\",\"dateModified\":\"2021-07-18T03:04:48+00:00\",\"breadcrumb\":{\"@id\":\"https:\/\/spadework.nopanicdesignandhosting.com\/es\/organizacion-comunitaria-en-ecuador\/#breadcrumb\"},\"inLanguage\":\"es\",\"potentialAction\":[{\"@type\":\"ReadAction\",\"target\":[\"https:\/\/spadework.nopanicdesignandhosting.com\/es\/organizacion-comunitaria-en-ecuador\/\"]}]},{\"@type\":\"BreadcrumbList\",\"@id\":\"https:\/\/spadework.nopanicdesignandhosting.com\/es\/organizacion-comunitaria-en-ecuador\/#breadcrumb\",\"itemListElement\":[{\"@type\":\"ListItem\",\"position\":1,\"name\":\"Home\",\"item\":\"https:\/\/spadework.nopanicdesignandhosting.com\/es\/\"},{\"@type\":\"ListItem\",\"position\":2,\"name\":\"Organizaci\u00f3n Comunitaria en Ecuador\"}]},{\"@type\":\"WebSite\",\"@id\":\"https:\/\/spadework.nopanicdesignandhosting.com\/#website\",\"url\":\"https:\/\/spadework.nopanicdesignandhosting.com\/\",\"name\":\"SpadeWork\",\"description\":\"Perfil de campa\u00f1as que doblaron el arco de la historia\",\"publisher\":{\"@id\":\"https:\/\/spadework.nopanicdesignandhosting.com\/#organization\"},\"potentialAction\":[{\"@type\":\"SearchAction\",\"target\":{\"@type\":\"EntryPoint\",\"urlTemplate\":\"https:\/\/spadework.nopanicdesignandhosting.com\/?s={search_term_string}\"},\"query-input\":\"required name=search_term_string\"}],\"inLanguage\":\"es\"},{\"@type\":\"Organization\",\"@id\":\"https:\/\/spadework.nopanicdesignandhosting.com\/#organization\",\"name\":\"SpadeWork\",\"url\":\"https:\/\/spadework.nopanicdesignandhosting.com\/\",\"logo\":{\"@type\":\"ImageObject\",\"inLanguage\":\"es\",\"@id\":\"https:\/\/spadework.nopanicdesignandhosting.com\/#\/schema\/logo\/image\/\",\"url\":\"https:\/\/spadework.nopanicdesignandhosting.com\/wp-content\/uploads\/2021\/03\/Spade-Work-Logo_Full-logo_white.png\",\"contentUrl\":\"https:\/\/spadework.nopanicdesignandhosting.com\/wp-content\/uploads\/2021\/03\/Spade-Work-Logo_Full-logo_white.png\",\"width\":2634,\"height\":947,\"caption\":\"SpadeWork\"},\"image\":{\"@id\":\"https:\/\/spadework.nopanicdesignandhosting.com\/#\/schema\/logo\/image\/\"}}]}<\/script>\n<!-- \/ Yoast SEO plugin. -->","yoast_head_json":{"title":"Organizaci\u00f3n Comunitaria en Ecuador - SpadeWork","robots":{"index":"noindex","follow":"follow","max-snippet":"max-snippet:-1","max-image-preview":"max-image-preview:large","max-video-preview":"max-video-preview:-1"},"og_locale":"es_ES","og_type":"article","og_title":"Organizaci\u00f3n Comunitaria en Ecuador - SpadeWork","og_description":"Sesi\u00f3n # 7Fecha: 7 de junio de 2021 Temas clave : Privatizaci\u00f3n de servicios p\u00fablicos; organizar las comunidades urbanas pobres; integraci\u00f3n de servicios, trabajo cultural, promoci\u00f3n de pol\u00edticas y organizaci\u00f3n de base. Presentador : Cesar Ramirez, Director Ejecutivo, Observatorio Cuidadano de Servicios P\u00fablicos, Guayaquil, Ecuador. En su estudio de la tradici\u00f3n organizativa en el Comit\u00e9 [&hellip;]","og_url":"https:\/\/spadework.nopanicdesignandhosting.com\/es\/organizacion-comunitaria-en-ecuador\/","og_site_name":"SpadeWork","article_modified_time":"2021-07-18T03:04:48+00:00","twitter_card":"summary_large_image","twitter_misc":{"Tiempo de lectura":"3 minutos"},"schema":{"@context":"https:\/\/schema.org","@graph":[{"@type":"WebPage","@id":"https:\/\/spadework.nopanicdesignandhosting.com\/es\/organizacion-comunitaria-en-ecuador\/","url":"https:\/\/spadework.nopanicdesignandhosting.com\/es\/organizacion-comunitaria-en-ecuador\/","name":"Organizaci\u00f3n Comunitaria en Ecuador - SpadeWork","isPartOf":{"@id":"https:\/\/spadework.nopanicdesignandhosting.com\/#website"},"datePublished":"2021-06-18T04:07:34+00:00","dateModified":"2021-07-18T03:04:48+00:00","breadcrumb":{"@id":"https:\/\/spadework.nopanicdesignandhosting.com\/es\/organizacion-comunitaria-en-ecuador\/#breadcrumb"},"inLanguage":"es","potentialAction":[{"@type":"ReadAction","target":["https:\/\/spadework.nopanicdesignandhosting.com\/es\/organizacion-comunitaria-en-ecuador\/"]}]},{"@type":"BreadcrumbList","@id":"https:\/\/spadework.nopanicdesignandhosting.com\/es\/organizacion-comunitaria-en-ecuador\/#breadcrumb","itemListElement":[{"@type":"ListItem","position":1,"name":"Home","item":"https:\/\/spadework.nopanicdesignandhosting.com\/es\/"},{"@type":"ListItem","position":2,"name":"Organizaci\u00f3n Comunitaria en Ecuador"}]},{"@type":"WebSite","@id":"https:\/\/spadework.nopanicdesignandhosting.com\/#website","url":"https:\/\/spadework.nopanicdesignandhosting.com\/","name":"SpadeWork","description":"Perfil de campa\u00f1as que doblaron el arco de la historia","publisher":{"@id":"https:\/\/spadework.nopanicdesignandhosting.com\/#organization"},"potentialAction":[{"@type":"SearchAction","target":{"@type":"EntryPoint","urlTemplate":"https:\/\/spadework.nopanicdesignandhosting.com\/?s={search_term_string}"},"query-input":"required name=search_term_string"}],"inLanguage":"es"},{"@type":"Organization","@id":"https:\/\/spadework.nopanicdesignandhosting.com\/#organization","name":"SpadeWork","url":"https:\/\/spadework.nopanicdesignandhosting.com\/","logo":{"@type":"ImageObject","inLanguage":"es","@id":"https:\/\/spadework.nopanicdesignandhosting.com\/#\/schema\/logo\/image\/","url":"https:\/\/spadework.nopanicdesignandhosting.com\/wp-content\/uploads\/2021\/03\/Spade-Work-Logo_Full-logo_white.png","contentUrl":"https:\/\/spadework.nopanicdesignandhosting.com\/wp-content\/uploads\/2021\/03\/Spade-Work-Logo_Full-logo_white.png","width":2634,"height":947,"caption":"SpadeWork"},"image":{"@id":"https:\/\/spadework.nopanicdesignandhosting.com\/#\/schema\/logo\/image\/"}}]}},"uagb_featured_image_src":{"full":false,"thumbnail":false,"medium":false,"medium_large":false,"large":false,"1536x1536":false,"2048x2048":false,"post-thumbnail":false,"twentytwenty-fullscreen":false},"uagb_author_info":{"display_name":"SpadeWork","author_link":"https:\/\/spadework.nopanicdesignandhosting.com\/es\/author\/jonathansafir\/"},"uagb_comment_info":0,"uagb_excerpt":"Sesi\u00f3n # 7Fecha: 7 de junio de 2021 Temas clave : Privatizaci\u00f3n de servicios p\u00fablicos; organizar las comunidades urbanas pobres; integraci\u00f3n de servicios, trabajo cultural, promoci\u00f3n de pol\u00edticas y organizaci\u00f3n de base. Presentador : Cesar Ramirez, Director Ejecutivo, Observatorio Cuidadano de Servicios P\u00fablicos, Guayaquil, Ecuador. En su estudio de la tradici\u00f3n organizativa en el Comit\u00e9&hellip;","_links":{"self":[{"href":"https:\/\/spadework.nopanicdesignandhosting.com\/es\/wp-json\/wp\/v2\/pages\/1217","targetHints":{"allow":["GET"]}}],"collection":[{"href":"https:\/\/spadework.nopanicdesignandhosting.com\/es\/wp-json\/wp\/v2\/pages"}],"about":[{"href":"https:\/\/spadework.nopanicdesignandhosting.com\/es\/wp-json\/wp\/v2\/types\/page"}],"author":[{"embeddable":true,"href":"https:\/\/spadework.nopanicdesignandhosting.com\/es\/wp-json\/wp\/v2\/users\/1"}],"replies":[{"embeddable":true,"href":"https:\/\/spadework.nopanicdesignandhosting.com\/es\/wp-json\/wp\/v2\/comments?post=1217"}],"version-history":[{"count":0,"href":"https:\/\/spadework.nopanicdesignandhosting.com\/es\/wp-json\/wp\/v2\/pages\/1217\/revisions"}],"wp:attachment":[{"href":"https:\/\/spadework.nopanicdesignandhosting.com\/es\/wp-json\/wp\/v2\/media?parent=1217"}],"curies":[{"name":"wp","href":"https:\/\/api.w.org\/{rel}","templated":true}]}}