{"id":1196,"date":"2021-06-09T13:36:44","date_gmt":"2021-06-10T00:36:44","guid":{"rendered":"https:\/\/spadework.nopanicdesignandhosting.com\/?page_id=1196"},"modified":"2021-07-17T16:05:10","modified_gmt":"2021-07-18T03:05:10","slug":"desarrollo-y-desplazamiento","status":"publish","type":"page","link":"https:\/\/spadework.nopanicdesignandhosting.com\/es\/desarrollo-y-desplazamiento\/","title":{"rendered":"Desarrollo y Desplazamiento"},"content":{"rendered":"\n<h5 class=\"has-small-font-size wp-block-heading\">Sesi\u00f3n # 6<br\/>Fecha: 1 de junio de 2021<\/h5>\n\n<p>Temas clave: lucha contra la dictadura; tierra y cultura ind\u00edgena; pol\u00edtica de ajuste estructural en pa\u00edses del tercer mundo; Banco Mundial<\/p>\n<figure class=\"wp-block-embed is-type-video is-provider-youtube wp-block-embed-youtube wp-embed-aspect-16-9 wp-has-aspect-ratio\"><div class=\"wp-block-embed__wrapper\">\n<iframe title=\"Sesi\u00f3n #6 de Freedom School: Desarrollo y desplazamiento (Espa\u00f1ol)\" width=\"580\" height=\"326\" src=\"https:\/\/www.youtube.com\/embed\/cl1UFWMpB2k?list=PL_G6YZXINqV7XqLJF12uiIH-YpHtHHTaQ\" frameborder=\"0\" allow=\"accelerometer; autoplay; clipboard-write; encrypted-media; gyroscope; picture-in-picture; web-share\" referrerpolicy=\"strict-origin-when-cross-origin\" allowfullscreen><\/iframe>\n<\/div><\/figure>\n\n<p>Presentador: Joel Rocamora, ex director del Instituto para la Democracia Popular en Filipinas y ex coordinador principal de la Comisi\u00f3n Nacional de Lucha contra la Pobreza bajo el mandato del presidente filipino Benigno Aquino III. A Joel se une Scott Robinson, cineasta de \u201cSeason of Thunder,\u201d un documental que describi\u00f3 esta campa\u00f1a.<\/p>\n\n<p>Fue una lucha contra el plan de la dictadura de Marcos y el Banco Mundial de construir 4 represas e inundar a 100.000 ind\u00edgenas, oblig\u00e1ndolos a abandonar sus fincas. Lo que el proyecto habr\u00eda afectado fueron las terrazas de arroz construidas durante un par de miles de a\u00f1os, excavadas en las monta\u00f1as. Y en el pa\u00eds Igorot, entierran a sus mayores en cuevas en las laderas de las monta\u00f1as. Los cuerpos reales de sus antepasados habr\u00edan sido inundados por las represas. <\/p>\n\n<p>Los elementos clave de la lucha son muchos. En primer lugar, fue una lucha de los pueblos ind\u00edgenas que utilizaron los recursos y tradiciones de su comunidad para luchar contra este proyecto del siglo XXI. Sus organizaciones comunitarias tradicionales eran s\u00f3lidas: organizaciones a nivel de aldea vinculadas en toda la regi\u00f3n. La fuerza de esta infraestructura social detuvo este proyecto. En segundo lugar, se vio envuelto en una lucha nacional del Frente Nacional Democr\u00e1tico y el Nuevo Ej\u00e9rcito Popular contra la dictadura de Marcos. Finalmente, tuvo \u00e9xito porque pudimos desarrollar una campa\u00f1a que fue desde la Cordillera donde el epicentro de esta lucha a lugares como San Francisco, fue por todo el mundo. Lo que lo detuvo fue la publicidad negativa que gener\u00f3 desde muchos rincones del mundo. <\/p>\n\n<p>En 1982, un par de a\u00f1os despu\u00e9s de su inicio, el Banco Mundial retir\u00f3 su apoyo al proyecto y no ha visto la luz desde entonces.<\/p>\n","protected":false},"excerpt":{"rendered":"<p>Sesi\u00f3n # 6Fecha: 1 de junio de 2021 Temas clave: lucha contra la dictadura; tierra y cultura ind\u00edgena; pol\u00edtica de ajuste estructural en pa\u00edses del tercer mundo; Banco Mundial Presentador: Joel Rocamora, ex director del Instituto para la Democracia Popular en Filipinas y ex coordinador principal de la Comisi\u00f3n Nacional de Lucha contra la Pobreza [&hellip;]<\/p>\n","protected":false},"author":1,"featured_media":0,"parent":0,"menu_order":0,"comment_status":"open","ping_status":"closed","template":"","meta":{"_uag_custom_page_level_css":"","footnotes":""},"class_list":["post-1196","page","type-page","status-publish","hentry"],"yoast_head":"<!-- This site is optimized with the Yoast SEO plugin v22.4 - https:\/\/yoast.com\/wordpress\/plugins\/seo\/ -->\n<title>Desarrollo y Desplazamiento - SpadeWork<\/title>\n<meta name=\"robots\" content=\"noindex, follow, max-snippet:-1, max-image-preview:large, max-video-preview:-1\" \/>\n<meta property=\"og:locale\" content=\"es_ES\" \/>\n<meta property=\"og:type\" content=\"article\" \/>\n<meta property=\"og:title\" content=\"Desarrollo y Desplazamiento - SpadeWork\" \/>\n<meta property=\"og:description\" content=\"Sesi\u00f3n # 6Fecha: 1 de junio de 2021 Temas clave: lucha contra la dictadura; tierra y cultura ind\u00edgena; pol\u00edtica de ajuste estructural en pa\u00edses del tercer mundo; Banco Mundial Presentador: Joel Rocamora, ex director del Instituto para la Democracia Popular en Filipinas y ex coordinador principal de la Comisi\u00f3n Nacional de Lucha contra la Pobreza [&hellip;]\" \/>\n<meta property=\"og:url\" content=\"https:\/\/spadework.nopanicdesignandhosting.com\/es\/desarrollo-y-desplazamiento\/\" \/>\n<meta property=\"og:site_name\" content=\"SpadeWork\" \/>\n<meta property=\"article:modified_time\" content=\"2021-07-18T03:05:10+00:00\" \/>\n<meta name=\"twitter:card\" content=\"summary_large_image\" \/>\n<meta name=\"twitter:label1\" content=\"Tiempo de lectura\" \/>\n\t<meta name=\"twitter:data1\" content=\"2 minutos\" \/>\n<script type=\"application\/ld+json\" class=\"yoast-schema-graph\">{\"@context\":\"https:\/\/schema.org\",\"@graph\":[{\"@type\":\"WebPage\",\"@id\":\"https:\/\/spadework.nopanicdesignandhosting.com\/es\/desarrollo-y-desplazamiento\/\",\"url\":\"https:\/\/spadework.nopanicdesignandhosting.com\/es\/desarrollo-y-desplazamiento\/\",\"name\":\"Desarrollo y Desplazamiento - SpadeWork\",\"isPartOf\":{\"@id\":\"https:\/\/spadework.nopanicdesignandhosting.com\/#website\"},\"datePublished\":\"2021-06-10T00:36:44+00:00\",\"dateModified\":\"2021-07-18T03:05:10+00:00\",\"breadcrumb\":{\"@id\":\"https:\/\/spadework.nopanicdesignandhosting.com\/es\/desarrollo-y-desplazamiento\/#breadcrumb\"},\"inLanguage\":\"es\",\"potentialAction\":[{\"@type\":\"ReadAction\",\"target\":[\"https:\/\/spadework.nopanicdesignandhosting.com\/es\/desarrollo-y-desplazamiento\/\"]}]},{\"@type\":\"BreadcrumbList\",\"@id\":\"https:\/\/spadework.nopanicdesignandhosting.com\/es\/desarrollo-y-desplazamiento\/#breadcrumb\",\"itemListElement\":[{\"@type\":\"ListItem\",\"position\":1,\"name\":\"Home\",\"item\":\"https:\/\/spadework.nopanicdesignandhosting.com\/es\/\"},{\"@type\":\"ListItem\",\"position\":2,\"name\":\"Desarrollo y Desplazamiento\"}]},{\"@type\":\"WebSite\",\"@id\":\"https:\/\/spadework.nopanicdesignandhosting.com\/#website\",\"url\":\"https:\/\/spadework.nopanicdesignandhosting.com\/\",\"name\":\"SpadeWork\",\"description\":\"Perfil de campa\u00f1as que doblaron el arco de la historia\",\"publisher\":{\"@id\":\"https:\/\/spadework.nopanicdesignandhosting.com\/#organization\"},\"potentialAction\":[{\"@type\":\"SearchAction\",\"target\":{\"@type\":\"EntryPoint\",\"urlTemplate\":\"https:\/\/spadework.nopanicdesignandhosting.com\/?s={search_term_string}\"},\"query-input\":\"required name=search_term_string\"}],\"inLanguage\":\"es\"},{\"@type\":\"Organization\",\"@id\":\"https:\/\/spadework.nopanicdesignandhosting.com\/#organization\",\"name\":\"SpadeWork\",\"url\":\"https:\/\/spadework.nopanicdesignandhosting.com\/\",\"logo\":{\"@type\":\"ImageObject\",\"inLanguage\":\"es\",\"@id\":\"https:\/\/spadework.nopanicdesignandhosting.com\/#\/schema\/logo\/image\/\",\"url\":\"https:\/\/spadework.nopanicdesignandhosting.com\/wp-content\/uploads\/2021\/03\/Spade-Work-Logo_Full-logo_white.png\",\"contentUrl\":\"https:\/\/spadework.nopanicdesignandhosting.com\/wp-content\/uploads\/2021\/03\/Spade-Work-Logo_Full-logo_white.png\",\"width\":2634,\"height\":947,\"caption\":\"SpadeWork\"},\"image\":{\"@id\":\"https:\/\/spadework.nopanicdesignandhosting.com\/#\/schema\/logo\/image\/\"}}]}<\/script>\n<!-- \/ Yoast SEO plugin. -->","yoast_head_json":{"title":"Desarrollo y Desplazamiento - SpadeWork","robots":{"index":"noindex","follow":"follow","max-snippet":"max-snippet:-1","max-image-preview":"max-image-preview:large","max-video-preview":"max-video-preview:-1"},"og_locale":"es_ES","og_type":"article","og_title":"Desarrollo y Desplazamiento - SpadeWork","og_description":"Sesi\u00f3n # 6Fecha: 1 de junio de 2021 Temas clave: lucha contra la dictadura; tierra y cultura ind\u00edgena; pol\u00edtica de ajuste estructural en pa\u00edses del tercer mundo; Banco Mundial Presentador: Joel Rocamora, ex director del Instituto para la Democracia Popular en Filipinas y ex coordinador principal de la Comisi\u00f3n Nacional de Lucha contra la Pobreza [&hellip;]","og_url":"https:\/\/spadework.nopanicdesignandhosting.com\/es\/desarrollo-y-desplazamiento\/","og_site_name":"SpadeWork","article_modified_time":"2021-07-18T03:05:10+00:00","twitter_card":"summary_large_image","twitter_misc":{"Tiempo de lectura":"2 minutos"},"schema":{"@context":"https:\/\/schema.org","@graph":[{"@type":"WebPage","@id":"https:\/\/spadework.nopanicdesignandhosting.com\/es\/desarrollo-y-desplazamiento\/","url":"https:\/\/spadework.nopanicdesignandhosting.com\/es\/desarrollo-y-desplazamiento\/","name":"Desarrollo y Desplazamiento - SpadeWork","isPartOf":{"@id":"https:\/\/spadework.nopanicdesignandhosting.com\/#website"},"datePublished":"2021-06-10T00:36:44+00:00","dateModified":"2021-07-18T03:05:10+00:00","breadcrumb":{"@id":"https:\/\/spadework.nopanicdesignandhosting.com\/es\/desarrollo-y-desplazamiento\/#breadcrumb"},"inLanguage":"es","potentialAction":[{"@type":"ReadAction","target":["https:\/\/spadework.nopanicdesignandhosting.com\/es\/desarrollo-y-desplazamiento\/"]}]},{"@type":"BreadcrumbList","@id":"https:\/\/spadework.nopanicdesignandhosting.com\/es\/desarrollo-y-desplazamiento\/#breadcrumb","itemListElement":[{"@type":"ListItem","position":1,"name":"Home","item":"https:\/\/spadework.nopanicdesignandhosting.com\/es\/"},{"@type":"ListItem","position":2,"name":"Desarrollo y Desplazamiento"}]},{"@type":"WebSite","@id":"https:\/\/spadework.nopanicdesignandhosting.com\/#website","url":"https:\/\/spadework.nopanicdesignandhosting.com\/","name":"SpadeWork","description":"Perfil de campa\u00f1as que doblaron el arco de la historia","publisher":{"@id":"https:\/\/spadework.nopanicdesignandhosting.com\/#organization"},"potentialAction":[{"@type":"SearchAction","target":{"@type":"EntryPoint","urlTemplate":"https:\/\/spadework.nopanicdesignandhosting.com\/?s={search_term_string}"},"query-input":"required name=search_term_string"}],"inLanguage":"es"},{"@type":"Organization","@id":"https:\/\/spadework.nopanicdesignandhosting.com\/#organization","name":"SpadeWork","url":"https:\/\/spadework.nopanicdesignandhosting.com\/","logo":{"@type":"ImageObject","inLanguage":"es","@id":"https:\/\/spadework.nopanicdesignandhosting.com\/#\/schema\/logo\/image\/","url":"https:\/\/spadework.nopanicdesignandhosting.com\/wp-content\/uploads\/2021\/03\/Spade-Work-Logo_Full-logo_white.png","contentUrl":"https:\/\/spadework.nopanicdesignandhosting.com\/wp-content\/uploads\/2021\/03\/Spade-Work-Logo_Full-logo_white.png","width":2634,"height":947,"caption":"SpadeWork"},"image":{"@id":"https:\/\/spadework.nopanicdesignandhosting.com\/#\/schema\/logo\/image\/"}}]}},"uagb_featured_image_src":{"full":false,"thumbnail":false,"medium":false,"medium_large":false,"large":false,"1536x1536":false,"2048x2048":false,"post-thumbnail":false,"twentytwenty-fullscreen":false},"uagb_author_info":{"display_name":"SpadeWork","author_link":"https:\/\/spadework.nopanicdesignandhosting.com\/es\/author\/jonathansafir\/"},"uagb_comment_info":0,"uagb_excerpt":"Sesi\u00f3n # 6Fecha: 1 de junio de 2021 Temas clave: lucha contra la dictadura; tierra y cultura ind\u00edgena; pol\u00edtica de ajuste estructural en pa\u00edses del tercer mundo; Banco Mundial Presentador: Joel Rocamora, ex director del Instituto para la Democracia Popular en Filipinas y ex coordinador principal de la Comisi\u00f3n Nacional de Lucha contra la Pobreza&hellip;","_links":{"self":[{"href":"https:\/\/spadework.nopanicdesignandhosting.com\/es\/wp-json\/wp\/v2\/pages\/1196","targetHints":{"allow":["GET"]}}],"collection":[{"href":"https:\/\/spadework.nopanicdesignandhosting.com\/es\/wp-json\/wp\/v2\/pages"}],"about":[{"href":"https:\/\/spadework.nopanicdesignandhosting.com\/es\/wp-json\/wp\/v2\/types\/page"}],"author":[{"embeddable":true,"href":"https:\/\/spadework.nopanicdesignandhosting.com\/es\/wp-json\/wp\/v2\/users\/1"}],"replies":[{"embeddable":true,"href":"https:\/\/spadework.nopanicdesignandhosting.com\/es\/wp-json\/wp\/v2\/comments?post=1196"}],"version-history":[{"count":0,"href":"https:\/\/spadework.nopanicdesignandhosting.com\/es\/wp-json\/wp\/v2\/pages\/1196\/revisions"}],"wp:attachment":[{"href":"https:\/\/spadework.nopanicdesignandhosting.com\/es\/wp-json\/wp\/v2\/media?parent=1196"}],"curies":[{"name":"wp","href":"https:\/\/api.w.org\/{rel}","templated":true}]}}