{"id":1151,"date":"2021-05-26T14:40:38","date_gmt":"2021-05-27T01:40:38","guid":{"rendered":"https:\/\/spadework.nopanicdesignandhosting.com\/?page_id=1151"},"modified":"2021-07-17T16:06:00","modified_gmt":"2021-07-18T03:06:00","slug":"organizar-personas-para-la-supervivencia","status":"publish","type":"page","link":"https:\/\/spadework.nopanicdesignandhosting.com\/es\/organizar-personas-para-la-supervivencia\/","title":{"rendered":"Una Forma de Organizar a la Gente para Sobrevivir"},"content":{"rendered":"\n<h5 class=\"has-small-font-size wp-block-heading\">Sesi\u00f3n n. \u00b0 4: La ayuda mutua como respuesta organizativa a una calamidad natural<br\/>Fecha: 17 de mayo de 2021<\/h5>\n\n<p>Temas clave: establecimiento de estructuras cooperativas; un estado d\u00e9bil y estructuras de gobernanza alternativas<\/p>\n\n<p>Oradores invitados: Paola Aponte Cotto &amp; Marisel Robles Guti\u00e9rrez, Comedores Sociales de Puerto Rico.<\/p>\n\n<figure class=\"wp-block-embed is-type-video is-provider-youtube wp-block-embed-youtube wp-embed-aspect-16-9 wp-has-aspect-ratio\"><div class=\"wp-block-embed__wrapper\">\n<iframe title=\"Sesi\u00f3n #4 de Freedom School: Organizar para sobrevivir (Espa\u00f1ol)\" width=\"580\" height=\"326\" src=\"https:\/\/www.youtube.com\/embed\/xlERAGSLyww?list=PL_G6YZXINqV7XqLJF12uiIH-YpHtHHTaQ\" frameborder=\"0\" allow=\"accelerometer; autoplay; clipboard-write; encrypted-media; gyroscope; picture-in-picture; web-share\" referrerpolicy=\"strict-origin-when-cross-origin\" allowfullscreen><\/iframe>\n<\/div><\/figure>\n\n<p>El 2017 fue un a\u00f1o trascendental para Puerto Rico. Luego de varias d\u00e9cadas repletas de medidas de austeridad, el Hurac\u00e1n Mar\u00eda revela lo que estaba maquillado: un pueblo colonizado, por ende, pobre y abandonado. <\/p>\n\n<p>Las comunidades organizadas y activistas de todo Puerto Rico no esperaron y comenzaron a trabajar en las necesidades m\u00e1s urgentes que estaban experimentando: cocinas comunitarias, brigadas de reconstrucci\u00f3n y limpieza, coordinaci\u00f3n de transporte de suministros de la di\u00e1spora, entre muchas otras cosas. Muchos pudieron comprender la experiencia colectiva de que \u00abSolo la gente, salva a la gente\u00bb.<\/p>\n","protected":false},"excerpt":{"rendered":"<p>Sesi\u00f3n n. \u00b0 4: La ayuda mutua como respuesta organizativa a una calamidad naturalFecha: 17 de mayo de 2021 Temas clave: establecimiento de estructuras cooperativas; un estado d\u00e9bil y estructuras de gobernanza alternativas Oradores invitados: Paola Aponte Cotto &amp; Marisel Robles Guti\u00e9rrez, Comedores Sociales de Puerto Rico. El 2017 fue un a\u00f1o trascendental para Puerto [&hellip;]<\/p>\n","protected":false},"author":1,"featured_media":0,"parent":0,"menu_order":0,"comment_status":"open","ping_status":"closed","template":"","meta":{"_uag_custom_page_level_css":"","footnotes":""},"class_list":["post-1151","page","type-page","status-publish","hentry"],"yoast_head":"<!-- This site is optimized with the Yoast SEO plugin v22.4 - https:\/\/yoast.com\/wordpress\/plugins\/seo\/ -->\n<title>Una Forma de Organizar a la Gente para Sobrevivir - SpadeWork<\/title>\n<meta name=\"robots\" content=\"noindex, follow, max-snippet:-1, max-image-preview:large, max-video-preview:-1\" \/>\n<meta property=\"og:locale\" content=\"es_ES\" \/>\n<meta property=\"og:type\" content=\"article\" \/>\n<meta property=\"og:title\" content=\"Una Forma de Organizar a la Gente para Sobrevivir - SpadeWork\" \/>\n<meta property=\"og:description\" content=\"Sesi\u00f3n n. \u00b0 4: La ayuda mutua como respuesta organizativa a una calamidad naturalFecha: 17 de mayo de 2021 Temas clave: establecimiento de estructuras cooperativas; un estado d\u00e9bil y estructuras de gobernanza alternativas Oradores invitados: Paola Aponte Cotto &amp; Marisel Robles Guti\u00e9rrez, Comedores Sociales de Puerto Rico. El 2017 fue un a\u00f1o trascendental para Puerto [&hellip;]\" \/>\n<meta property=\"og:url\" content=\"https:\/\/spadework.nopanicdesignandhosting.com\/es\/organizar-personas-para-la-supervivencia\/\" \/>\n<meta property=\"og:site_name\" content=\"SpadeWork\" \/>\n<meta property=\"article:modified_time\" content=\"2021-07-18T03:06:00+00:00\" \/>\n<meta name=\"twitter:card\" content=\"summary_large_image\" \/>\n<meta name=\"twitter:label1\" content=\"Tiempo de lectura\" \/>\n\t<meta name=\"twitter:data1\" content=\"1 minuto\" \/>\n<script type=\"application\/ld+json\" class=\"yoast-schema-graph\">{\"@context\":\"https:\/\/schema.org\",\"@graph\":[{\"@type\":\"WebPage\",\"@id\":\"https:\/\/spadework.nopanicdesignandhosting.com\/es\/organizar-personas-para-la-supervivencia\/\",\"url\":\"https:\/\/spadework.nopanicdesignandhosting.com\/es\/organizar-personas-para-la-supervivencia\/\",\"name\":\"Una Forma de Organizar a la Gente para Sobrevivir - SpadeWork\",\"isPartOf\":{\"@id\":\"https:\/\/spadework.nopanicdesignandhosting.com\/#website\"},\"datePublished\":\"2021-05-27T01:40:38+00:00\",\"dateModified\":\"2021-07-18T03:06:00+00:00\",\"breadcrumb\":{\"@id\":\"https:\/\/spadework.nopanicdesignandhosting.com\/es\/organizar-personas-para-la-supervivencia\/#breadcrumb\"},\"inLanguage\":\"es\",\"potentialAction\":[{\"@type\":\"ReadAction\",\"target\":[\"https:\/\/spadework.nopanicdesignandhosting.com\/es\/organizar-personas-para-la-supervivencia\/\"]}]},{\"@type\":\"BreadcrumbList\",\"@id\":\"https:\/\/spadework.nopanicdesignandhosting.com\/es\/organizar-personas-para-la-supervivencia\/#breadcrumb\",\"itemListElement\":[{\"@type\":\"ListItem\",\"position\":1,\"name\":\"Home\",\"item\":\"https:\/\/spadework.nopanicdesignandhosting.com\/es\/\"},{\"@type\":\"ListItem\",\"position\":2,\"name\":\"Una Forma de Organizar a la Gente para Sobrevivir\"}]},{\"@type\":\"WebSite\",\"@id\":\"https:\/\/spadework.nopanicdesignandhosting.com\/#website\",\"url\":\"https:\/\/spadework.nopanicdesignandhosting.com\/\",\"name\":\"SpadeWork\",\"description\":\"Perfil de campa\u00f1as que doblaron el arco de la historia\",\"publisher\":{\"@id\":\"https:\/\/spadework.nopanicdesignandhosting.com\/#organization\"},\"potentialAction\":[{\"@type\":\"SearchAction\",\"target\":{\"@type\":\"EntryPoint\",\"urlTemplate\":\"https:\/\/spadework.nopanicdesignandhosting.com\/?s={search_term_string}\"},\"query-input\":\"required name=search_term_string\"}],\"inLanguage\":\"es\"},{\"@type\":\"Organization\",\"@id\":\"https:\/\/spadework.nopanicdesignandhosting.com\/#organization\",\"name\":\"SpadeWork\",\"url\":\"https:\/\/spadework.nopanicdesignandhosting.com\/\",\"logo\":{\"@type\":\"ImageObject\",\"inLanguage\":\"es\",\"@id\":\"https:\/\/spadework.nopanicdesignandhosting.com\/#\/schema\/logo\/image\/\",\"url\":\"https:\/\/spadework.nopanicdesignandhosting.com\/wp-content\/uploads\/2021\/03\/Spade-Work-Logo_Full-logo_white.png\",\"contentUrl\":\"https:\/\/spadework.nopanicdesignandhosting.com\/wp-content\/uploads\/2021\/03\/Spade-Work-Logo_Full-logo_white.png\",\"width\":2634,\"height\":947,\"caption\":\"SpadeWork\"},\"image\":{\"@id\":\"https:\/\/spadework.nopanicdesignandhosting.com\/#\/schema\/logo\/image\/\"}}]}<\/script>\n<!-- \/ Yoast SEO plugin. -->","yoast_head_json":{"title":"Una Forma de Organizar a la Gente para Sobrevivir - SpadeWork","robots":{"index":"noindex","follow":"follow","max-snippet":"max-snippet:-1","max-image-preview":"max-image-preview:large","max-video-preview":"max-video-preview:-1"},"og_locale":"es_ES","og_type":"article","og_title":"Una Forma de Organizar a la Gente para Sobrevivir - SpadeWork","og_description":"Sesi\u00f3n n. \u00b0 4: La ayuda mutua como respuesta organizativa a una calamidad naturalFecha: 17 de mayo de 2021 Temas clave: establecimiento de estructuras cooperativas; un estado d\u00e9bil y estructuras de gobernanza alternativas Oradores invitados: Paola Aponte Cotto &amp; Marisel Robles Guti\u00e9rrez, Comedores Sociales de Puerto Rico. El 2017 fue un a\u00f1o trascendental para Puerto [&hellip;]","og_url":"https:\/\/spadework.nopanicdesignandhosting.com\/es\/organizar-personas-para-la-supervivencia\/","og_site_name":"SpadeWork","article_modified_time":"2021-07-18T03:06:00+00:00","twitter_card":"summary_large_image","twitter_misc":{"Tiempo de lectura":"1 minuto"},"schema":{"@context":"https:\/\/schema.org","@graph":[{"@type":"WebPage","@id":"https:\/\/spadework.nopanicdesignandhosting.com\/es\/organizar-personas-para-la-supervivencia\/","url":"https:\/\/spadework.nopanicdesignandhosting.com\/es\/organizar-personas-para-la-supervivencia\/","name":"Una Forma de Organizar a la Gente para Sobrevivir - SpadeWork","isPartOf":{"@id":"https:\/\/spadework.nopanicdesignandhosting.com\/#website"},"datePublished":"2021-05-27T01:40:38+00:00","dateModified":"2021-07-18T03:06:00+00:00","breadcrumb":{"@id":"https:\/\/spadework.nopanicdesignandhosting.com\/es\/organizar-personas-para-la-supervivencia\/#breadcrumb"},"inLanguage":"es","potentialAction":[{"@type":"ReadAction","target":["https:\/\/spadework.nopanicdesignandhosting.com\/es\/organizar-personas-para-la-supervivencia\/"]}]},{"@type":"BreadcrumbList","@id":"https:\/\/spadework.nopanicdesignandhosting.com\/es\/organizar-personas-para-la-supervivencia\/#breadcrumb","itemListElement":[{"@type":"ListItem","position":1,"name":"Home","item":"https:\/\/spadework.nopanicdesignandhosting.com\/es\/"},{"@type":"ListItem","position":2,"name":"Una Forma de Organizar a la Gente para Sobrevivir"}]},{"@type":"WebSite","@id":"https:\/\/spadework.nopanicdesignandhosting.com\/#website","url":"https:\/\/spadework.nopanicdesignandhosting.com\/","name":"SpadeWork","description":"Perfil de campa\u00f1as que doblaron el arco de la historia","publisher":{"@id":"https:\/\/spadework.nopanicdesignandhosting.com\/#organization"},"potentialAction":[{"@type":"SearchAction","target":{"@type":"EntryPoint","urlTemplate":"https:\/\/spadework.nopanicdesignandhosting.com\/?s={search_term_string}"},"query-input":"required name=search_term_string"}],"inLanguage":"es"},{"@type":"Organization","@id":"https:\/\/spadework.nopanicdesignandhosting.com\/#organization","name":"SpadeWork","url":"https:\/\/spadework.nopanicdesignandhosting.com\/","logo":{"@type":"ImageObject","inLanguage":"es","@id":"https:\/\/spadework.nopanicdesignandhosting.com\/#\/schema\/logo\/image\/","url":"https:\/\/spadework.nopanicdesignandhosting.com\/wp-content\/uploads\/2021\/03\/Spade-Work-Logo_Full-logo_white.png","contentUrl":"https:\/\/spadework.nopanicdesignandhosting.com\/wp-content\/uploads\/2021\/03\/Spade-Work-Logo_Full-logo_white.png","width":2634,"height":947,"caption":"SpadeWork"},"image":{"@id":"https:\/\/spadework.nopanicdesignandhosting.com\/#\/schema\/logo\/image\/"}}]}},"uagb_featured_image_src":{"full":false,"thumbnail":false,"medium":false,"medium_large":false,"large":false,"1536x1536":false,"2048x2048":false,"post-thumbnail":false,"twentytwenty-fullscreen":false},"uagb_author_info":{"display_name":"SpadeWork","author_link":"https:\/\/spadework.nopanicdesignandhosting.com\/es\/author\/jonathansafir\/"},"uagb_comment_info":0,"uagb_excerpt":"Sesi\u00f3n n. \u00b0 4: La ayuda mutua como respuesta organizativa a una calamidad naturalFecha: 17 de mayo de 2021 Temas clave: establecimiento de estructuras cooperativas; un estado d\u00e9bil y estructuras de gobernanza alternativas Oradores invitados: Paola Aponte Cotto &amp; Marisel Robles Guti\u00e9rrez, Comedores Sociales de Puerto Rico. El 2017 fue un a\u00f1o trascendental para Puerto&hellip;","_links":{"self":[{"href":"https:\/\/spadework.nopanicdesignandhosting.com\/es\/wp-json\/wp\/v2\/pages\/1151","targetHints":{"allow":["GET"]}}],"collection":[{"href":"https:\/\/spadework.nopanicdesignandhosting.com\/es\/wp-json\/wp\/v2\/pages"}],"about":[{"href":"https:\/\/spadework.nopanicdesignandhosting.com\/es\/wp-json\/wp\/v2\/types\/page"}],"author":[{"embeddable":true,"href":"https:\/\/spadework.nopanicdesignandhosting.com\/es\/wp-json\/wp\/v2\/users\/1"}],"replies":[{"embeddable":true,"href":"https:\/\/spadework.nopanicdesignandhosting.com\/es\/wp-json\/wp\/v2\/comments?post=1151"}],"version-history":[{"count":0,"href":"https:\/\/spadework.nopanicdesignandhosting.com\/es\/wp-json\/wp\/v2\/pages\/1151\/revisions"}],"wp:attachment":[{"href":"https:\/\/spadework.nopanicdesignandhosting.com\/es\/wp-json\/wp\/v2\/media?parent=1151"}],"curies":[{"name":"wp","href":"https:\/\/api.w.org\/{rel}","templated":true}]}}