{"id":1142,"date":"2021-05-26T14:37:14","date_gmt":"2021-05-27T01:37:14","guid":{"rendered":"https:\/\/spadework.nopanicdesignandhosting.com\/?page_id=1142"},"modified":"2021-07-18T07:06:55","modified_gmt":"2021-07-18T18:06:55","slug":"abolicion-de-la-prision","status":"publish","type":"page","link":"https:\/\/spadework.nopanicdesignandhosting.com\/es\/abolicion-de-la-prision\/","title":{"rendered":"La Abolici\u00f3n de las Prisiones Implica una Transformaci\u00f3n"},"content":{"rendered":"\n<h5 class=\"has-small-font-size wp-block-heading\">Sesi\u00f3n # 5<br\/>Fecha: 17 de mayo de 2021<\/h5>\n\n<p>Temas clave: abolici\u00f3n frente a reforma; desfinanciar a la polic\u00eda; ra\u00edces hist\u00f3ricas del trabajo abolici\u00f3nista; Black Lives Matter (Las Vidas Negras Importan); organizaci\u00f3n de gente afectadas por los sistemas y sus familias.<\/p>\n<figure class=\"wp-block-embed is-type-video is-provider-youtube wp-block-embed-youtube wp-embed-aspect-16-9 wp-has-aspect-ratio\"><div class=\"wp-block-embed__wrapper\">\r\n<iframe title=\"Freedom School Session #5: Prison Abolition\" width=\"580\" height=\"326\" src=\"https:\/\/www.youtube.com\/embed\/TKNcsje_vRc?start=2840&#038;feature=oembed\" frameborder=\"0\" allow=\"accelerometer; autoplay; clipboard-write; encrypted-media; gyroscope; picture-in-picture; web-share\" referrerpolicy=\"strict-origin-when-cross-origin\" allowfullscreen><\/iframe>\r\n<\/div><\/figure>\r\n\n<p>\u201cProbablemente todo el mundo est\u00e1 preguntando sobre la\u00bb abolici\u00f3n \u00aby qu\u00e9 es. Muchos de ustedes recuerdan el movimiento de eliminaci\u00f3n de fondos el verano pasado. Bueno, gran parte del movimiento de eliminaci\u00f3n de fondos fue en realidad un llamado a la abolici\u00f3n &#8230; para decirlo simplemente, la abolici\u00f3n es deshacerse de la polic\u00eda , prisiones y c\u00e1rceles, vigilancia y tribunales. S\u00e9 que suena un poco aterrador, pero s\u00e9 que hay mucha imaginaci\u00f3n y visi\u00f3n aqu\u00ed &#8230; porque la abolici\u00f3n no se trata solo de deshacerse de algo. La abolici\u00f3n se trata de con qu\u00e9 lo reemplazamos &#8230; c\u00f3mo imaginamos una vida donde nuestras comunidades puedan estar seguras, donde podamos tener acceso a alimentos saludables, donde podamos tener acceso a educaci\u00f3n p\u00fablica de calidad, donde podamos tener acceso a vivienda\u2026 todo lo que existe en una visi\u00f3n abolicionista.\u201d <br\/>~ Patrice Cullors <\/p>\n\n<p>\u201cQuiero hablar sobre el derribo y la construcci\u00f3n. A menudo solo hablamos de derribar o abrir el sistema carcelario. En el otro lado tiene que estar la construcci\u00f3n. La cantidad de energ\u00eda que invertimos en el desmantelamiento el sistema carcelario &#8211; poner fin a la fianza en efectivo, cambiar las leyes, cerrar las c\u00e1rceles y las instalaciones para j\u00f3venes &#8211; tenemos que poner esa misma energ\u00eda en la construcci\u00f3n de alternativas reales en nuestras comunidades que sean sostenibles. As\u00ed que parte de nuestro trabajo es conseguir algo de eso devoluci\u00f3n de dinero que se extrajo de nuestras comunidades para ayudar a sostener estos esfuerzos.\u201d <br\/>~ Leslie Turner<\/p>\n","protected":false},"excerpt":{"rendered":"<p>Sesi\u00f3n # 5Fecha: 17 de mayo de 2021 Temas clave: abolici\u00f3n frente a reforma; desfinanciar a la polic\u00eda; ra\u00edces hist\u00f3ricas del trabajo abolici\u00f3nista; Black Lives Matter (Las Vidas Negras Importan); organizaci\u00f3n de gente afectadas por los sistemas y sus familias. \u201cProbablemente todo el mundo est\u00e1 preguntando sobre la\u00bb abolici\u00f3n \u00aby qu\u00e9 es. Muchos de ustedes [&hellip;]<\/p>\n","protected":false},"author":1,"featured_media":0,"parent":0,"menu_order":0,"comment_status":"open","ping_status":"closed","template":"","meta":{"_uag_custom_page_level_css":"","footnotes":""},"class_list":["post-1142","page","type-page","status-publish","hentry"],"yoast_head":"<!-- This site is optimized with the Yoast SEO plugin v22.4 - https:\/\/yoast.com\/wordpress\/plugins\/seo\/ -->\n<title>La Abolici\u00f3n de las Prisiones Implica una Transformaci\u00f3n - SpadeWork<\/title>\n<meta name=\"robots\" content=\"noindex, follow, max-snippet:-1, max-image-preview:large, max-video-preview:-1\" \/>\n<meta property=\"og:locale\" content=\"es_ES\" \/>\n<meta property=\"og:type\" content=\"article\" \/>\n<meta property=\"og:title\" content=\"La Abolici\u00f3n de las Prisiones Implica una Transformaci\u00f3n - SpadeWork\" \/>\n<meta property=\"og:description\" content=\"Sesi\u00f3n # 5Fecha: 17 de mayo de 2021 Temas clave: abolici\u00f3n frente a reforma; desfinanciar a la polic\u00eda; ra\u00edces hist\u00f3ricas del trabajo abolici\u00f3nista; Black Lives Matter (Las Vidas Negras Importan); organizaci\u00f3n de gente afectadas por los sistemas y sus familias. \u201cProbablemente todo el mundo est\u00e1 preguntando sobre la\u00bb abolici\u00f3n \u00aby qu\u00e9 es. Muchos de ustedes [&hellip;]\" \/>\n<meta property=\"og:url\" content=\"https:\/\/spadework.nopanicdesignandhosting.com\/es\/abolicion-de-la-prision\/\" \/>\n<meta property=\"og:site_name\" content=\"SpadeWork\" \/>\n<meta property=\"article:modified_time\" content=\"2021-07-18T18:06:55+00:00\" \/>\n<meta name=\"twitter:card\" content=\"summary_large_image\" \/>\n<meta name=\"twitter:label1\" content=\"Tiempo de lectura\" \/>\n\t<meta name=\"twitter:data1\" content=\"2 minutos\" \/>\n<script type=\"application\/ld+json\" class=\"yoast-schema-graph\">{\"@context\":\"https:\/\/schema.org\",\"@graph\":[{\"@type\":\"WebPage\",\"@id\":\"https:\/\/spadework.nopanicdesignandhosting.com\/es\/abolicion-de-la-prision\/\",\"url\":\"https:\/\/spadework.nopanicdesignandhosting.com\/es\/abolicion-de-la-prision\/\",\"name\":\"La Abolici\u00f3n de las Prisiones Implica una Transformaci\u00f3n - SpadeWork\",\"isPartOf\":{\"@id\":\"https:\/\/spadework.nopanicdesignandhosting.com\/#website\"},\"datePublished\":\"2021-05-27T01:37:14+00:00\",\"dateModified\":\"2021-07-18T18:06:55+00:00\",\"breadcrumb\":{\"@id\":\"https:\/\/spadework.nopanicdesignandhosting.com\/es\/abolicion-de-la-prision\/#breadcrumb\"},\"inLanguage\":\"es\",\"potentialAction\":[{\"@type\":\"ReadAction\",\"target\":[\"https:\/\/spadework.nopanicdesignandhosting.com\/es\/abolicion-de-la-prision\/\"]}]},{\"@type\":\"BreadcrumbList\",\"@id\":\"https:\/\/spadework.nopanicdesignandhosting.com\/es\/abolicion-de-la-prision\/#breadcrumb\",\"itemListElement\":[{\"@type\":\"ListItem\",\"position\":1,\"name\":\"Home\",\"item\":\"https:\/\/spadework.nopanicdesignandhosting.com\/es\/\"},{\"@type\":\"ListItem\",\"position\":2,\"name\":\"La Abolici\u00f3n de las Prisiones Implica una Transformaci\u00f3n\"}]},{\"@type\":\"WebSite\",\"@id\":\"https:\/\/spadework.nopanicdesignandhosting.com\/#website\",\"url\":\"https:\/\/spadework.nopanicdesignandhosting.com\/\",\"name\":\"SpadeWork\",\"description\":\"Perfil de campa\u00f1as que doblaron el arco de la historia\",\"publisher\":{\"@id\":\"https:\/\/spadework.nopanicdesignandhosting.com\/#organization\"},\"potentialAction\":[{\"@type\":\"SearchAction\",\"target\":{\"@type\":\"EntryPoint\",\"urlTemplate\":\"https:\/\/spadework.nopanicdesignandhosting.com\/?s={search_term_string}\"},\"query-input\":\"required name=search_term_string\"}],\"inLanguage\":\"es\"},{\"@type\":\"Organization\",\"@id\":\"https:\/\/spadework.nopanicdesignandhosting.com\/#organization\",\"name\":\"SpadeWork\",\"url\":\"https:\/\/spadework.nopanicdesignandhosting.com\/\",\"logo\":{\"@type\":\"ImageObject\",\"inLanguage\":\"es\",\"@id\":\"https:\/\/spadework.nopanicdesignandhosting.com\/#\/schema\/logo\/image\/\",\"url\":\"https:\/\/spadework.nopanicdesignandhosting.com\/wp-content\/uploads\/2021\/03\/Spade-Work-Logo_Full-logo_white.png\",\"contentUrl\":\"https:\/\/spadework.nopanicdesignandhosting.com\/wp-content\/uploads\/2021\/03\/Spade-Work-Logo_Full-logo_white.png\",\"width\":2634,\"height\":947,\"caption\":\"SpadeWork\"},\"image\":{\"@id\":\"https:\/\/spadework.nopanicdesignandhosting.com\/#\/schema\/logo\/image\/\"}}]}<\/script>\n<!-- \/ Yoast SEO plugin. -->","yoast_head_json":{"title":"La Abolici\u00f3n de las Prisiones Implica una Transformaci\u00f3n - SpadeWork","robots":{"index":"noindex","follow":"follow","max-snippet":"max-snippet:-1","max-image-preview":"max-image-preview:large","max-video-preview":"max-video-preview:-1"},"og_locale":"es_ES","og_type":"article","og_title":"La Abolici\u00f3n de las Prisiones Implica una Transformaci\u00f3n - SpadeWork","og_description":"Sesi\u00f3n # 5Fecha: 17 de mayo de 2021 Temas clave: abolici\u00f3n frente a reforma; desfinanciar a la polic\u00eda; ra\u00edces hist\u00f3ricas del trabajo abolici\u00f3nista; Black Lives Matter (Las Vidas Negras Importan); organizaci\u00f3n de gente afectadas por los sistemas y sus familias. \u201cProbablemente todo el mundo est\u00e1 preguntando sobre la\u00bb abolici\u00f3n \u00aby qu\u00e9 es. Muchos de ustedes [&hellip;]","og_url":"https:\/\/spadework.nopanicdesignandhosting.com\/es\/abolicion-de-la-prision\/","og_site_name":"SpadeWork","article_modified_time":"2021-07-18T18:06:55+00:00","twitter_card":"summary_large_image","twitter_misc":{"Tiempo de lectura":"2 minutos"},"schema":{"@context":"https:\/\/schema.org","@graph":[{"@type":"WebPage","@id":"https:\/\/spadework.nopanicdesignandhosting.com\/es\/abolicion-de-la-prision\/","url":"https:\/\/spadework.nopanicdesignandhosting.com\/es\/abolicion-de-la-prision\/","name":"La Abolici\u00f3n de las Prisiones Implica una Transformaci\u00f3n - SpadeWork","isPartOf":{"@id":"https:\/\/spadework.nopanicdesignandhosting.com\/#website"},"datePublished":"2021-05-27T01:37:14+00:00","dateModified":"2021-07-18T18:06:55+00:00","breadcrumb":{"@id":"https:\/\/spadework.nopanicdesignandhosting.com\/es\/abolicion-de-la-prision\/#breadcrumb"},"inLanguage":"es","potentialAction":[{"@type":"ReadAction","target":["https:\/\/spadework.nopanicdesignandhosting.com\/es\/abolicion-de-la-prision\/"]}]},{"@type":"BreadcrumbList","@id":"https:\/\/spadework.nopanicdesignandhosting.com\/es\/abolicion-de-la-prision\/#breadcrumb","itemListElement":[{"@type":"ListItem","position":1,"name":"Home","item":"https:\/\/spadework.nopanicdesignandhosting.com\/es\/"},{"@type":"ListItem","position":2,"name":"La Abolici\u00f3n de las Prisiones Implica una Transformaci\u00f3n"}]},{"@type":"WebSite","@id":"https:\/\/spadework.nopanicdesignandhosting.com\/#website","url":"https:\/\/spadework.nopanicdesignandhosting.com\/","name":"SpadeWork","description":"Perfil de campa\u00f1as que doblaron el arco de la historia","publisher":{"@id":"https:\/\/spadework.nopanicdesignandhosting.com\/#organization"},"potentialAction":[{"@type":"SearchAction","target":{"@type":"EntryPoint","urlTemplate":"https:\/\/spadework.nopanicdesignandhosting.com\/?s={search_term_string}"},"query-input":"required name=search_term_string"}],"inLanguage":"es"},{"@type":"Organization","@id":"https:\/\/spadework.nopanicdesignandhosting.com\/#organization","name":"SpadeWork","url":"https:\/\/spadework.nopanicdesignandhosting.com\/","logo":{"@type":"ImageObject","inLanguage":"es","@id":"https:\/\/spadework.nopanicdesignandhosting.com\/#\/schema\/logo\/image\/","url":"https:\/\/spadework.nopanicdesignandhosting.com\/wp-content\/uploads\/2021\/03\/Spade-Work-Logo_Full-logo_white.png","contentUrl":"https:\/\/spadework.nopanicdesignandhosting.com\/wp-content\/uploads\/2021\/03\/Spade-Work-Logo_Full-logo_white.png","width":2634,"height":947,"caption":"SpadeWork"},"image":{"@id":"https:\/\/spadework.nopanicdesignandhosting.com\/#\/schema\/logo\/image\/"}}]}},"uagb_featured_image_src":{"full":false,"thumbnail":false,"medium":false,"medium_large":false,"large":false,"1536x1536":false,"2048x2048":false,"post-thumbnail":false,"twentytwenty-fullscreen":false},"uagb_author_info":{"display_name":"SpadeWork","author_link":"https:\/\/spadework.nopanicdesignandhosting.com\/es\/author\/jonathansafir\/"},"uagb_comment_info":0,"uagb_excerpt":"Sesi\u00f3n # 5Fecha: 17 de mayo de 2021 Temas clave: abolici\u00f3n frente a reforma; desfinanciar a la polic\u00eda; ra\u00edces hist\u00f3ricas del trabajo abolici\u00f3nista; Black Lives Matter (Las Vidas Negras Importan); organizaci\u00f3n de gente afectadas por los sistemas y sus familias. \u201cProbablemente todo el mundo est\u00e1 preguntando sobre la\u00bb abolici\u00f3n \u00aby qu\u00e9 es. Muchos de ustedes&hellip;","_links":{"self":[{"href":"https:\/\/spadework.nopanicdesignandhosting.com\/es\/wp-json\/wp\/v2\/pages\/1142","targetHints":{"allow":["GET"]}}],"collection":[{"href":"https:\/\/spadework.nopanicdesignandhosting.com\/es\/wp-json\/wp\/v2\/pages"}],"about":[{"href":"https:\/\/spadework.nopanicdesignandhosting.com\/es\/wp-json\/wp\/v2\/types\/page"}],"author":[{"embeddable":true,"href":"https:\/\/spadework.nopanicdesignandhosting.com\/es\/wp-json\/wp\/v2\/users\/1"}],"replies":[{"embeddable":true,"href":"https:\/\/spadework.nopanicdesignandhosting.com\/es\/wp-json\/wp\/v2\/comments?post=1142"}],"version-history":[{"count":0,"href":"https:\/\/spadework.nopanicdesignandhosting.com\/es\/wp-json\/wp\/v2\/pages\/1142\/revisions"}],"wp:attachment":[{"href":"https:\/\/spadework.nopanicdesignandhosting.com\/es\/wp-json\/wp\/v2\/media?parent=1142"}],"curies":[{"name":"wp","href":"https:\/\/api.w.org\/{rel}","templated":true}]}}